{"id":12369,"date":"2020-05-20T18:32:10","date_gmt":"2020-05-20T18:32:10","guid":{"rendered":"https:\/\/flextravelsolutions.com\/?page_id=12369"},"modified":"2023-04-11T20:59:15","modified_gmt":"2023-04-11T20:59:15","slug":"agency-management","status":"publish","type":"page","link":"https:\/\/flextravelsolutions.com\/fr\/agency-management\/","title":{"rendered":"Gestion d&#8217;agence"},"content":{"rendered":"\t\t<div data-elementor-type=\"wp-post\" data-elementor-id=\"12369\" class=\"elementor elementor-12369 elementor-12368\">\n\t\t\t\t\t\t<div class=\"elementor-inner\">\n\t\t\t\t<div class=\"elementor-section-wrap\">\n\t\t\t\t\t\t\t\t\t<section class=\"elementor-section elementor-top-section elementor-element elementor-element-765ef87d elementor-section-height-min-height elementor-section-content-middle elementor-section-boxed elementor-section-height-default elementor-section-items-middle\" data-id=\"765ef87d\" data-element_type=\"section\" data-settings=\"{&quot;background_background&quot;:&quot;classic&quot;,&quot;shape_divider_top&quot;:&quot;opacity-tilt&quot;}\">\n\t\t\t\t\t\t\t<div class=\"elementor-background-overlay\"><\/div>\n\t\t\t\t\t\t<div class=\"elementor-shape elementor-shape-top\" data-negative=\"false\">\n\t\t\t<svg xmlns=\"http:\/\/www.w3.org\/2000\/svg\" viewBox=\"0 0 2600 131.1\" preserveAspectRatio=\"none\">\n\t<path class=\"elementor-shape-fill\" d=\"M0 0L2600 0 2600 69.1 0 0z\"\/>\n\t<path class=\"elementor-shape-fill\" style=\"opacity:0.5\" d=\"M0 0L2600 0 2600 69.1 0 69.1z\"\/>\n\t<path class=\"elementor-shape-fill\" style=\"opacity:0.25\" d=\"M2600 0L0 0 0 130.1 2600 69.1z\"\/>\n<\/svg>\t\t<\/div>\n\t\t\t\t\t<div class=\"elementor-container elementor-column-gap-default\">\n\t\t\t\t\t\t\t<div class=\"elementor-row\">\n\t\t\t\t\t<div class=\"elementor-column elementor-col-100 elementor-top-column elementor-element elementor-element-354c0198\" data-id=\"354c0198\" data-element_type=\"column\">\n\t\t\t<div class=\"elementor-column-wrap elementor-element-populated\">\n\t\t\t\t\t\t\t<div class=\"elementor-widget-wrap\">\n\t\t\t\t\t\t<section class=\"elementor-section elementor-inner-section elementor-element elementor-element-eb9b64d elementor-section-boxed elementor-section-height-default elementor-section-height-default\" data-id=\"eb9b64d\" data-element_type=\"section\">\n\t\t\t\t\t\t<div class=\"elementor-container elementor-column-gap-default\">\n\t\t\t\t\t\t\t<div class=\"elementor-row\">\n\t\t\t\t\t<div class=\"elementor-column elementor-col-100 elementor-inner-column elementor-element elementor-element-8eb0837\" data-id=\"8eb0837\" data-element_type=\"column\">\n\t\t\t<div class=\"elementor-column-wrap elementor-element-populated\">\n\t\t\t\t\t\t\t<div class=\"elementor-widget-wrap\">\n\t\t\t\t\t\t<div class=\"elementor-element elementor-element-22a32fc elementor-view-default elementor-widget elementor-widget-icon\" data-id=\"22a32fc\" data-element_type=\"widget\" data-widget_type=\"icon.default\">\n\t\t\t\t<div class=\"elementor-widget-container\">\n\t\t\t\t\t<div class=\"elementor-icon-wrapper\">\n\t\t\t<div class=\"elementor-icon\">\n\t\t\t<i aria-hidden=\"true\" class=\"eci  fts_solutions-fts_icons4\"><\/i>\t\t\t<\/div>\n\t\t<\/div>\n\t\t\t\t<\/div>\n\t\t\t\t<\/div>\n\t\t\t\t<div class=\"elementor-element elementor-element-7ad65c6 elementor-widget elementor-widget-heading\" data-id=\"7ad65c6\" data-element_type=\"widget\" data-widget_type=\"heading.default\">\n\t\t\t\t<div class=\"elementor-widget-container\">\n\t\t\t<h2 class=\"elementor-heading-title elementor-size-default\">Gestion d'agence<\/h2>\t\t<\/div>\n\t\t\t\t<\/div>\n\t\t\t\t\t\t<\/div>\n\t\t\t\t\t<\/div>\n\t\t<\/div>\n\t\t\t\t\t\t\t\t<\/div>\n\t\t\t\t\t<\/div>\n\t\t<\/section>\n\t\t\t\t<section class=\"elementor-section elementor-inner-section elementor-element elementor-element-ef7d3a9 elementor-section-boxed elementor-section-height-default elementor-section-height-default\" data-id=\"ef7d3a9\" data-element_type=\"section\">\n\t\t\t\t\t\t<div class=\"elementor-container elementor-column-gap-default\">\n\t\t\t\t\t\t\t<div class=\"elementor-row\">\n\t\t\t\t\t<div class=\"elementor-column elementor-col-33 elementor-inner-column elementor-element elementor-element-40a4af7\" data-id=\"40a4af7\" data-element_type=\"column\">\n\t\t\t<div class=\"elementor-column-wrap\">\n\t\t\t\t\t\t\t<div class=\"elementor-widget-wrap\">\n\t\t\t\t\t\t\t\t<\/div>\n\t\t\t\t\t<\/div>\n\t\t<\/div>\n\t\t\t\t<div class=\"elementor-column elementor-col-33 elementor-inner-column elementor-element elementor-element-3839863\" data-id=\"3839863\" data-element_type=\"column\">\n\t\t\t<div class=\"elementor-column-wrap elementor-element-populated\">\n\t\t\t\t\t\t\t<div class=\"elementor-widget-wrap\">\n\t\t\t\t\t\t<div class=\"elementor-element elementor-element-3a5a35f elementor-widget elementor-widget-text-editor\" data-id=\"3a5a35f\" data-element_type=\"widget\" data-widget_type=\"text-editor.default\">\n\t\t\t\t<div class=\"elementor-widget-container\">\n\t\t\t\t\t\t\t\t<div class=\"elementor-text-editor elementor-clearfix\">\n\t\t\t\tNotre portail libre-service permet aux agences de voyages de g\u00e9rer leur profil, leurs informations bancaires, leurs num\u00e9ros de taxe sur la valeur ajout\u00e9e (TVA) ainsi que leurs pr\u00e9f\u00e9rences de d\u00e9claration dans un environnement s\u00e9curis\u00e9.\t\t\t\t\t<\/div>\n\t\t\t\t\t\t<\/div>\n\t\t\t\t<\/div>\n\t\t\t\t\t\t<\/div>\n\t\t\t\t\t<\/div>\n\t\t<\/div>\n\t\t\t\t<div class=\"elementor-column elementor-col-33 elementor-inner-column elementor-element elementor-element-23f6e2a\" data-id=\"23f6e2a\" data-element_type=\"column\">\n\t\t\t<div class=\"elementor-column-wrap\">\n\t\t\t\t\t\t\t<div class=\"elementor-widget-wrap\">\n\t\t\t\t\t\t\t\t<\/div>\n\t\t\t\t\t<\/div>\n\t\t<\/div>\n\t\t\t\t\t\t\t\t<\/div>\n\t\t\t\t\t<\/div>\n\t\t<\/section>\n\t\t\t\t\t\t<\/div>\n\t\t\t\t\t<\/div>\n\t\t<\/div>\n\t\t\t\t\t\t\t\t<\/div>\n\t\t\t\t\t<\/div>\n\t\t<\/section>\n\t\t\t\t<section class=\"elementor-section elementor-top-section elementor-element elementor-element-a1344eb elementor-section-boxed elementor-section-height-default elementor-section-height-default\" data-id=\"a1344eb\" data-element_type=\"section\" data-settings=\"{&quot;background_background&quot;:&quot;classic&quot;,&quot;shape_divider_bottom&quot;:&quot;tilt&quot;}\">\n\t\t\t\t\t<div class=\"elementor-shape elementor-shape-bottom\" data-negative=\"false\">\n\t\t\t<svg xmlns=\"http:\/\/www.w3.org\/2000\/svg\" viewBox=\"0 0 1000 100\" preserveAspectRatio=\"none\">\n\t<path class=\"elementor-shape-fill\" d=\"M0,6V0h1000v100L0,6z\"\/>\n<\/svg>\t\t<\/div>\n\t\t\t\t\t<div class=\"elementor-container elementor-column-gap-default\">\n\t\t\t\t\t\t\t<div class=\"elementor-row\">\n\t\t\t\t\t<div class=\"elementor-column elementor-col-50 elementor-top-column elementor-element elementor-element-bc2a7ac\" data-id=\"bc2a7ac\" data-element_type=\"column\">\n\t\t\t<div class=\"elementor-column-wrap elementor-element-populated\">\n\t\t\t\t\t\t\t<div class=\"elementor-widget-wrap\">\n\t\t\t\t\t\t<section class=\"elementor-section elementor-inner-section elementor-element elementor-element-e9559ac elementor-section-boxed elementor-section-height-default elementor-section-height-default\" data-id=\"e9559ac\" data-element_type=\"section\">\n\t\t\t\t\t\t<div class=\"elementor-container elementor-column-gap-default\">\n\t\t\t\t\t\t\t<div class=\"elementor-row\">\n\t\t\t\t\t<div class=\"elementor-column elementor-col-100 elementor-inner-column elementor-element elementor-element-d799d88\" data-id=\"d799d88\" data-element_type=\"column\">\n\t\t\t<div class=\"elementor-column-wrap elementor-element-populated\">\n\t\t\t\t\t\t\t<div class=\"elementor-widget-wrap\">\n\t\t\t\t\t\t<div class=\"elementor-element elementor-element-7d46b77 elementor-widget elementor-widget-text-editor\" data-id=\"7d46b77\" data-element_type=\"widget\" data-widget_type=\"text-editor.default\">\n\t\t\t\t<div class=\"elementor-widget-container\">\n\t\t\t\t\t\t\t\t<div class=\"elementor-text-editor elementor-clearfix\">\n\t\t\t\t<p>L&#8217;outil de gestion d&#8217;agence FTS offre aux agences de voyages un simple portail libre-service pour garder leurs informations \u00e0 jour, via un profil unique, disponible pour tous les fournisseurs de l&#8217;industrie du voyage. Lorsque ce module est int\u00e9gr\u00e9 \u00e0 la Solution de gestion des flux de travail, il offre une plateforme unique pour maintenir la hi\u00e9rarchie des agences et les pr\u00e9f\u00e9rences en mati\u00e8re de rapports afin de mieux r\u00e9pondre \u00e0 leurs besoins.<\/p><p>En retour, cela \u00e9limine la n\u00e9cessit\u00e9 pour les fournisseurs de l\u2019industrie du voyage d\u2019examiner et de r\u00e9pertorier r\u00e9guli\u00e8rement les profils d\u2019agence, minimisant la marge d\u2019une probabilit\u00e9 d&#8217;une correspondance incorrecte.<\/p><p>Nous travaillons avec diff\u00e9rents types d&#8217;agences, de grandes associations internationales, aux agences traditionnelles locales. Nous prenons \u00e9galement en charge la configuration de la hi\u00e9rarchie des agences avec plusieurs succursales sous le si\u00e8ge social. Notre syst\u00e8me flexible est sp\u00e9cialement con\u00e7u pour faciliter la gestion des succursales de ces agences et leurs pr\u00e9f\u00e9rences respectives en mati\u00e8re de rapports ou de paiement.<\/p>\t\t\t\t\t<\/div>\n\t\t\t\t\t\t<\/div>\n\t\t\t\t<\/div>\n\t\t\t\t\t\t<\/div>\n\t\t\t\t\t<\/div>\n\t\t<\/div>\n\t\t\t\t\t\t\t\t<\/div>\n\t\t\t\t\t<\/div>\n\t\t<\/section>\n\t\t\t\t\t\t<\/div>\n\t\t\t\t\t<\/div>\n\t\t<\/div>\n\t\t\t\t<div class=\"elementor-column elementor-col-50 elementor-top-column elementor-element elementor-element-3fdbc8a\" data-id=\"3fdbc8a\" data-element_type=\"column\">\n\t\t\t<div class=\"elementor-column-wrap elementor-element-populated\">\n\t\t\t\t\t\t\t<div class=\"elementor-widget-wrap\">\n\t\t\t\t\t\t<section class=\"elementor-section elementor-inner-section elementor-element elementor-element-ae2e6a7 elementor-section-height-min-height elementor-section-content-middle elementor-section-boxed elementor-section-height-default\" data-id=\"ae2e6a7\" data-element_type=\"section\">\n\t\t\t\t\t\t<div class=\"elementor-container elementor-column-gap-default\">\n\t\t\t\t\t\t\t<div class=\"elementor-row\">\n\t\t\t\t\t<div class=\"elementor-column elementor-col-100 elementor-inner-column elementor-element elementor-element-15f7688\" data-id=\"15f7688\" data-element_type=\"column\">\n\t\t\t<div class=\"elementor-column-wrap elementor-element-populated\">\n\t\t\t\t\t\t\t<div class=\"elementor-widget-wrap\">\n\t\t\t\t\t\t<div class=\"elementor-element elementor-element-373620c elementor-align-left elementor-icon-list--layout-traditional elementor-list-item-link-full_width elementor-widget elementor-widget-icon-list\" data-id=\"373620c\" data-element_type=\"widget\" data-widget_type=\"icon-list.default\">\n\t\t\t\t<div class=\"elementor-widget-container\">\n\t\t\t\t\t<ul class=\"elementor-icon-list-items\">\n\t\t\t\t\t\t\t<li class=\"elementor-icon-list-item\">\n\t\t\t\t\t\t\t\t\t\t\t<span class=\"elementor-icon-list-icon\">\n\t\t\t\t\t\t\t<i aria-hidden=\"true\" class=\"far fa-dot-circle\"><\/i>\t\t\t\t\t\t<\/span>\n\t\t\t\t\t\t\t\t\t\t<span class=\"elementor-icon-list-text\">Suivi des performances des agences<\/span>\n\t\t\t\t\t\t\t\t\t<\/li>\n\t\t\t\t\t\t\t\t<li class=\"elementor-icon-list-item\">\n\t\t\t\t\t\t\t\t\t\t\t<span class=\"elementor-icon-list-icon\">\n\t\t\t\t\t\t\t<i aria-hidden=\"true\" class=\"far fa-dot-circle\"><\/i>\t\t\t\t\t\t<\/span>\n\t\t\t\t\t\t\t\t\t\t<span class=\"elementor-icon-list-text\">Gestion des profils<\/span>\n\t\t\t\t\t\t\t\t\t<\/li>\n\t\t\t\t\t\t\t\t<li class=\"elementor-icon-list-item\">\n\t\t\t\t\t\t\t\t\t\t\t<span class=\"elementor-icon-list-icon\">\n\t\t\t\t\t\t\t<i aria-hidden=\"true\" class=\"far fa-dot-circle\"><\/i>\t\t\t\t\t\t<\/span>\n\t\t\t\t\t\t\t\t\t\t<span class=\"elementor-icon-list-text\">Gestion de la client\u00e8le d'entreprise<\/span>\n\t\t\t\t\t\t\t\t\t<\/li>\n\t\t\t\t\t\t\t\t<li class=\"elementor-icon-list-item\">\n\t\t\t\t\t\t\t\t\t\t\t<span class=\"elementor-icon-list-icon\">\n\t\t\t\t\t\t\t<i aria-hidden=\"true\" class=\"far fa-dot-circle\"><\/i>\t\t\t\t\t\t<\/span>\n\t\t\t\t\t\t\t\t\t\t<span class=\"elementor-icon-list-text\">Visibilit\u00e9 accrue du r\u00e9seau d'agences<\/span>\n\t\t\t\t\t\t\t\t\t<\/li>\n\t\t\t\t\t\t<\/ul>\n\t\t\t\t<\/div>\n\t\t\t\t<\/div>\n\t\t\t\t\t\t<\/div>\n\t\t\t\t\t<\/div>\n\t\t<\/div>\n\t\t\t\t\t\t\t\t<\/div>\n\t\t\t\t\t<\/div>\n\t\t<\/section>\n\t\t\t\t\t\t<\/div>\n\t\t\t\t\t<\/div>\n\t\t<\/div>\n\t\t\t\t\t\t\t\t<\/div>\n\t\t\t\t\t<\/div>\n\t\t<\/section>\n\t\t\t\t<section class=\"elementor-section elementor-top-section elementor-element elementor-element-5ab8d1d1 elementor-section-boxed elementor-section-height-default elementor-section-height-default\" data-id=\"5ab8d1d1\" data-element_type=\"section\" data-settings=\"{&quot;background_background&quot;:&quot;classic&quot;,&quot;shape_divider_top&quot;:&quot;tilt&quot;,&quot;motion_fx_motion_fx_scrolling&quot;:&quot;yes&quot;,&quot;motion_fx_opacity_effect&quot;:&quot;yes&quot;,&quot;motion_fx_opacity_range&quot;:{&quot;unit&quot;:&quot;%&quot;,&quot;size&quot;:&quot;&quot;,&quot;sizes&quot;:{&quot;start&quot;:5,&quot;end&quot;:32}},&quot;motion_fx_opacity_direction&quot;:&quot;out-in&quot;,&quot;motion_fx_opacity_level&quot;:{&quot;unit&quot;:&quot;px&quot;,&quot;size&quot;:10,&quot;sizes&quot;:[]},&quot;motion_fx_devices&quot;:[&quot;desktop&quot;,&quot;tablet&quot;,&quot;mobile&quot;]}\">\n\t\t\t\t\t\t\t<div class=\"elementor-background-overlay\"><\/div>\n\t\t\t\t\t\t<div class=\"elementor-shape elementor-shape-top\" data-negative=\"false\">\n\t\t\t<svg xmlns=\"http:\/\/www.w3.org\/2000\/svg\" viewBox=\"0 0 1000 100\" preserveAspectRatio=\"none\">\n\t<path class=\"elementor-shape-fill\" d=\"M0,6V0h1000v100L0,6z\"\/>\n<\/svg>\t\t<\/div>\n\t\t\t\t\t<div class=\"elementor-container elementor-column-gap-default\">\n\t\t\t\t\t\t\t<div class=\"elementor-row\">\n\t\t\t\t\t<div class=\"elementor-column elementor-col-50 elementor-top-column elementor-element elementor-element-71df4ca8\" data-id=\"71df4ca8\" data-element_type=\"column\" data-settings=\"{&quot;background_background&quot;:&quot;classic&quot;}\">\n\t\t\t<div class=\"elementor-column-wrap elementor-element-populated\">\n\t\t\t\t\t\t\t<div class=\"elementor-widget-wrap\">\n\t\t\t\t\t\t<div class=\"elementor-element elementor-element-50f3e7d8 elementor-widget elementor-widget-heading\" data-id=\"50f3e7d8\" data-element_type=\"widget\" data-widget_type=\"heading.default\">\n\t\t\t\t<div class=\"elementor-widget-container\">\n\t\t\t<h2 class=\"elementor-heading-title elementor-size-default\">Pr\u00eat \u00e0 en d\u00e9couvrir plus?<\/h2>\t\t<\/div>\n\t\t\t\t<\/div>\n\t\t\t\t<div class=\"elementor-element elementor-element-a659281 elementor-widget elementor-widget-text-editor\" data-id=\"a659281\" data-element_type=\"widget\" data-widget_type=\"text-editor.default\">\n\t\t\t\t<div class=\"elementor-widget-container\">\n\t\t\t\t\t\t\t\t<div class=\"elementor-text-editor elementor-clearfix\">\n\t\t\t\t<p>R\u00e9servez une d\u00e9mo de la plate-forme FTS pour examiner les solutions et d\u00e9couvrir comment elles peuvent mieux soutenir votre \u00e9quipe et votre entreprise.<\/p>\t\t\t\t\t<\/div>\n\t\t\t\t\t\t<\/div>\n\t\t\t\t<\/div>\n\t\t\t\t<div class=\"elementor-element elementor-element-51d9b0fe elementor-align-left elementor-mobile-align-center elementor-widget elementor-widget-button\" data-id=\"51d9b0fe\" data-element_type=\"widget\" data-widget_type=\"button.default\">\n\t\t\t\t<div class=\"elementor-widget-container\">\n\t\t\t\t\t<div class=\"elementor-button-wrapper\">\n\t\t\t<a href=\"https:\/\/flextravelsolutions.com\/fr\/contact\/\" class=\"elementor-button-link elementor-button elementor-size-sm\" role=\"button\">\n\t\t\t\t\t\t<span class=\"elementor-button-content-wrapper\">\n\t\t\t\t\t\t<span class=\"elementor-button-text\">Contactez-nous<\/span>\n\t\t<\/span>\n\t\t\t\t\t<\/a>\n\t\t<\/div>\n\t\t\t\t<\/div>\n\t\t\t\t<\/div>\n\t\t\t\t\t\t<\/div>\n\t\t\t\t\t<\/div>\n\t\t<\/div>\n\t\t\t\t<div class=\"elementor-column elementor-col-50 elementor-top-column elementor-element elementor-element-3695472a\" data-id=\"3695472a\" data-element_type=\"column\">\n\t\t\t<div class=\"elementor-column-wrap elementor-element-populated\">\n\t\t\t\t\t\t\t<div class=\"elementor-widget-wrap\">\n\t\t\t\t\t\t<div class=\"elementor-element elementor-element-ee8cce0 elementor-widget elementor-widget-image\" data-id=\"ee8cce0\" data-element_type=\"widget\" data-widget_type=\"image.default\">\n\t\t\t\t<div class=\"elementor-widget-container\">\n\t\t\t\t\t\t\t\t<div class=\"elementor-image\">\n\t\t\t\t\t\t\t\t\t\t\t\t<img decoding=\"async\" src=\"https:\/\/i0.wp.com\/flextravelsolutions.com\/wp-content\/uploads\/elementor\/thumbs\/flextravelsolutions_smiling_women-pw84vk4r1a7kkjivcsno4v0frzesuebrz5ugs17hlk.png?w=640&#038;ssl=1\" title=\"flextravelsolutions_smiling_women\" alt=\"flextravelsolutions_smiling_women\" loading=\"lazy\" data-recalc-dims=\"1\" \/>\t\t\t\t\t\t\t\t\t\t\t\t\t\t<\/div>\n\t\t\t\t\t\t<\/div>\n\t\t\t\t<\/div>\n\t\t\t\t\t\t<\/div>\n\t\t\t\t\t<\/div>\n\t\t<\/div>\n\t\t\t\t\t\t\t\t<\/div>\n\t\t\t\t\t<\/div>\n\t\t<\/section>\n\t\t\t\t\t\t\t\t\t<\/div>\n\t\t\t<\/div>\n\t\t\t\t\t<\/div>\n\t\t","protected":false},"excerpt":{"rendered":"<p>Gestion d&#8217;agence Notre portail libre-service permet aux agences de voyages de g\u00e9rer leur profil, leurs informations bancaires, leurs num\u00e9ros de taxe sur la valeur ajout\u00e9e (TVA) ainsi que leurs pr\u00e9f\u00e9rences de d\u00e9claration dans un environnement s\u00e9curis\u00e9. L&#8217;outil de gestion d&#8217;agence FTS offre aux agences de voyages un simple portail libre-service pour garder leurs informations \u00e0 &hellip; <a href=\"https:\/\/flextravelsolutions.com\/fr\/agency-management\/\" class=\"more-link\">Continue reading <span class=\"screen-reader-text\">Gestion d&#8217;agence<\/span><\/a><\/p>\n","protected":false},"author":1,"featured_media":0,"parent":0,"menu_order":0,"comment_status":"closed","ping_status":"closed","template":"elementor_header_footer","meta":{"content-type":"","inline_featured_image":false,"_mi_skip_tracking":false,"footnotes":""},"class_list":["post-12369","page","type-page","status-publish","hentry","entry"],"yoast_head":"<!-- This site is optimized with the Yoast SEO plugin v20.5 - https:\/\/yoast.com\/wordpress\/plugins\/seo\/ -->\n<title>Gestion d&#039;agence - Flex Travel Solutions<\/title>\n<meta name=\"robots\" content=\"index, follow, max-snippet:-1, max-image-preview:large, max-video-preview:-1\" \/>\n<link rel=\"canonical\" href=\"https:\/\/flextravelsolutions.com\/agency-management\/\" \/>\n<meta property=\"og:locale\" content=\"fr_FR\" \/>\n<meta property=\"og:type\" content=\"article\" \/>\n<meta property=\"og:title\" content=\"Gestion d&#039;agence - Flex Travel Solutions\" \/>\n<meta property=\"og:description\" content=\"Gestion d&#8217;agence Notre portail libre-service permet aux agences de voyages de g\u00e9rer leur profil, leurs informations bancaires, leurs num\u00e9ros de taxe sur la valeur ajout\u00e9e (TVA) ainsi que leurs pr\u00e9f\u00e9rences de d\u00e9claration dans un environnement s\u00e9curis\u00e9. L&#8217;outil de gestion d&#8217;agence FTS offre aux agences de voyages un simple portail libre-service pour garder leurs informations \u00e0 &hellip; Continue reading Gestion d&#8217;agence\" \/>\n<meta property=\"og:url\" content=\"https:\/\/flextravelsolutions.com\/agency-management\/\" \/>\n<meta property=\"og:site_name\" content=\"Flex Travel Solutions\" \/>\n<meta property=\"article:modified_time\" content=\"2023-04-11T20:59:15+00:00\" \/>\n<meta property=\"og:image\" content=\"https:\/\/flextravelsolutions.com\/wp-content\/uploads\/elementor\/thumbs\/flextravelsolutions_smiling_women-pw84vk4r1a7kkjivcsno4v0frzesuebrz5ugs17hlk.png\" \/>\n<meta name=\"twitter:card\" content=\"summary_large_image\" \/>\n<meta name=\"twitter:label1\" content=\"Dur\u00e9e de lecture estim\u00e9e\" \/>\n\t<meta name=\"twitter:data1\" content=\"2 minutes\" \/>\n<script type=\"application\/ld+json\" class=\"yoast-schema-graph\">{\"@context\":\"https:\/\/schema.org\",\"@graph\":[{\"@type\":\"WebPage\",\"@id\":\"https:\/\/flextravelsolutions.com\/agency-management\/\",\"url\":\"https:\/\/flextravelsolutions.com\/agency-management\/\",\"name\":\"Gestion d'agence - Flex Travel Solutions\",\"isPartOf\":{\"@id\":\"https:\/\/flextravelsolutions.com\/fr\/#website\"},\"datePublished\":\"2020-05-20T18:32:10+00:00\",\"dateModified\":\"2023-04-11T20:59:15+00:00\",\"breadcrumb\":{\"@id\":\"https:\/\/flextravelsolutions.com\/agency-management\/#breadcrumb\"},\"inLanguage\":\"fr-FR\",\"potentialAction\":[{\"@type\":\"ReadAction\",\"target\":[\"https:\/\/flextravelsolutions.com\/agency-management\/\"]}]},{\"@type\":\"BreadcrumbList\",\"@id\":\"https:\/\/flextravelsolutions.com\/agency-management\/#breadcrumb\",\"itemListElement\":[{\"@type\":\"ListItem\",\"position\":1,\"name\":\"Home\",\"item\":\"https:\/\/flextravelsolutions.com\/\"},{\"@type\":\"ListItem\",\"position\":2,\"name\":\"Gestion d&#8217;agence\"}]},{\"@type\":\"WebSite\",\"@id\":\"https:\/\/flextravelsolutions.com\/fr\/#website\",\"url\":\"https:\/\/flextravelsolutions.com\/fr\/\",\"name\":\"Flex Travel Solutions\",\"description\":\"\",\"publisher\":{\"@id\":\"https:\/\/flextravelsolutions.com\/fr\/#organization\"},\"potentialAction\":[{\"@type\":\"SearchAction\",\"target\":{\"@type\":\"EntryPoint\",\"urlTemplate\":\"https:\/\/flextravelsolutions.com\/fr\/?s={search_term_string}\"},\"query-input\":\"required name=search_term_string\"}],\"inLanguage\":\"fr-FR\"},{\"@type\":\"Organization\",\"@id\":\"https:\/\/flextravelsolutions.com\/fr\/#organization\",\"name\":\"Flex Travel Solutions\",\"url\":\"https:\/\/flextravelsolutions.com\/fr\/\",\"logo\":{\"@type\":\"ImageObject\",\"inLanguage\":\"fr-FR\",\"@id\":\"https:\/\/flextravelsolutions.com\/fr\/#\/schema\/logo\/image\/\",\"url\":\"https:\/\/flextravelsolutions.com\/wp-content\/uploads\/2020\/04\/fts_logo_full.svg\",\"contentUrl\":\"https:\/\/flextravelsolutions.com\/wp-content\/uploads\/2020\/04\/fts_logo_full.svg\",\"caption\":\"Flex Travel Solutions\"},\"image\":{\"@id\":\"https:\/\/flextravelsolutions.com\/fr\/#\/schema\/logo\/image\/\"}}]}<\/script>\n<!-- \/ Yoast SEO plugin. -->","yoast_head_json":{"title":"Gestion d'agence - Flex Travel Solutions","robots":{"index":"index","follow":"follow","max-snippet":"max-snippet:-1","max-image-preview":"max-image-preview:large","max-video-preview":"max-video-preview:-1"},"canonical":"https:\/\/flextravelsolutions.com\/agency-management\/","og_locale":"fr_FR","og_type":"article","og_title":"Gestion d'agence - Flex Travel Solutions","og_description":"Gestion d&#8217;agence Notre portail libre-service permet aux agences de voyages de g\u00e9rer leur profil, leurs informations bancaires, leurs num\u00e9ros de taxe sur la valeur ajout\u00e9e (TVA) ainsi que leurs pr\u00e9f\u00e9rences de d\u00e9claration dans un environnement s\u00e9curis\u00e9. L&#8217;outil de gestion d&#8217;agence FTS offre aux agences de voyages un simple portail libre-service pour garder leurs informations \u00e0 &hellip; Continue reading Gestion d&#8217;agence","og_url":"https:\/\/flextravelsolutions.com\/agency-management\/","og_site_name":"Flex Travel Solutions","article_modified_time":"2023-04-11T20:59:15+00:00","og_image":[{"url":"https:\/\/flextravelsolutions.com\/wp-content\/uploads\/elementor\/thumbs\/flextravelsolutions_smiling_women-pw84vk4r1a7kkjivcsno4v0frzesuebrz5ugs17hlk.png"}],"twitter_card":"summary_large_image","twitter_misc":{"Dur\u00e9e de lecture estim\u00e9e":"2 minutes"},"schema":{"@context":"https:\/\/schema.org","@graph":[{"@type":"WebPage","@id":"https:\/\/flextravelsolutions.com\/agency-management\/","url":"https:\/\/flextravelsolutions.com\/agency-management\/","name":"Gestion d'agence - Flex Travel Solutions","isPartOf":{"@id":"https:\/\/flextravelsolutions.com\/fr\/#website"},"datePublished":"2020-05-20T18:32:10+00:00","dateModified":"2023-04-11T20:59:15+00:00","breadcrumb":{"@id":"https:\/\/flextravelsolutions.com\/agency-management\/#breadcrumb"},"inLanguage":"fr-FR","potentialAction":[{"@type":"ReadAction","target":["https:\/\/flextravelsolutions.com\/agency-management\/"]}]},{"@type":"BreadcrumbList","@id":"https:\/\/flextravelsolutions.com\/agency-management\/#breadcrumb","itemListElement":[{"@type":"ListItem","position":1,"name":"Home","item":"https:\/\/flextravelsolutions.com\/"},{"@type":"ListItem","position":2,"name":"Gestion d&#8217;agence"}]},{"@type":"WebSite","@id":"https:\/\/flextravelsolutions.com\/fr\/#website","url":"https:\/\/flextravelsolutions.com\/fr\/","name":"Flex Travel Solutions","description":"","publisher":{"@id":"https:\/\/flextravelsolutions.com\/fr\/#organization"},"potentialAction":[{"@type":"SearchAction","target":{"@type":"EntryPoint","urlTemplate":"https:\/\/flextravelsolutions.com\/fr\/?s={search_term_string}"},"query-input":"required name=search_term_string"}],"inLanguage":"fr-FR"},{"@type":"Organization","@id":"https:\/\/flextravelsolutions.com\/fr\/#organization","name":"Flex Travel Solutions","url":"https:\/\/flextravelsolutions.com\/fr\/","logo":{"@type":"ImageObject","inLanguage":"fr-FR","@id":"https:\/\/flextravelsolutions.com\/fr\/#\/schema\/logo\/image\/","url":"https:\/\/flextravelsolutions.com\/wp-content\/uploads\/2020\/04\/fts_logo_full.svg","contentUrl":"https:\/\/flextravelsolutions.com\/wp-content\/uploads\/2020\/04\/fts_logo_full.svg","caption":"Flex Travel Solutions"},"image":{"@id":"https:\/\/flextravelsolutions.com\/fr\/#\/schema\/logo\/image\/"}}]}},"_links":{"self":[{"href":"https:\/\/flextravelsolutions.com\/fr\/wp-json\/wp\/v2\/pages\/12369","targetHints":{"allow":["GET"]}}],"collection":[{"href":"https:\/\/flextravelsolutions.com\/fr\/wp-json\/wp\/v2\/pages"}],"about":[{"href":"https:\/\/flextravelsolutions.com\/fr\/wp-json\/wp\/v2\/types\/page"}],"author":[{"embeddable":true,"href":"https:\/\/flextravelsolutions.com\/fr\/wp-json\/wp\/v2\/users\/1"}],"replies":[{"embeddable":true,"href":"https:\/\/flextravelsolutions.com\/fr\/wp-json\/wp\/v2\/comments?post=12369"}],"version-history":[{"count":0,"href":"https:\/\/flextravelsolutions.com\/fr\/wp-json\/wp\/v2\/pages\/12369\/revisions"}],"wp:attachment":[{"href":"https:\/\/flextravelsolutions.com\/fr\/wp-json\/wp\/v2\/media?parent=12369"}],"curies":[{"name":"wp","href":"https:\/\/api.w.org\/{rel}","templated":true}]}}