{"id":12373,"date":"2020-05-20T18:32:19","date_gmt":"2020-05-20T18:32:19","guid":{"rendered":"https:\/\/flextravelsolutions.com\/?page_id=12373"},"modified":"2021-03-19T19:13:03","modified_gmt":"2021-03-19T19:13:03","slug":"revenue-optimizer","status":"publish","type":"page","link":"https:\/\/flextravelsolutions.com\/fr\/revenue-optimizer\/","title":{"rendered":"Optimiseur de revenus"},"content":{"rendered":"\t\t<div data-elementor-type=\"wp-post\" data-elementor-id=\"12373\" class=\"elementor elementor-12373 elementor-12372\">\n\t\t\t\t\t\t<div class=\"elementor-inner\">\n\t\t\t\t<div class=\"elementor-section-wrap\">\n\t\t\t\t\t\t\t\t\t<section class=\"elementor-section elementor-top-section elementor-element elementor-element-ded7369 elementor-section-height-min-height elementor-section-content-middle elementor-section-boxed elementor-section-height-default elementor-section-items-middle\" data-id=\"ded7369\" data-element_type=\"section\" data-settings=\"{&quot;background_background&quot;:&quot;classic&quot;,&quot;shape_divider_top&quot;:&quot;opacity-tilt&quot;}\">\n\t\t\t\t\t\t\t<div class=\"elementor-background-overlay\"><\/div>\n\t\t\t\t\t\t<div class=\"elementor-shape elementor-shape-top\" data-negative=\"false\">\n\t\t\t<svg xmlns=\"http:\/\/www.w3.org\/2000\/svg\" viewBox=\"0 0 2600 131.1\" preserveAspectRatio=\"none\">\n\t<path class=\"elementor-shape-fill\" d=\"M0 0L2600 0 2600 69.1 0 0z\"\/>\n\t<path class=\"elementor-shape-fill\" style=\"opacity:0.5\" d=\"M0 0L2600 0 2600 69.1 0 69.1z\"\/>\n\t<path class=\"elementor-shape-fill\" style=\"opacity:0.25\" d=\"M2600 0L0 0 0 130.1 2600 69.1z\"\/>\n<\/svg>\t\t<\/div>\n\t\t\t\t\t<div class=\"elementor-container elementor-column-gap-default\">\n\t\t\t\t\t\t\t<div class=\"elementor-row\">\n\t\t\t\t\t<div class=\"elementor-column elementor-col-100 elementor-top-column elementor-element elementor-element-23058b56\" data-id=\"23058b56\" data-element_type=\"column\">\n\t\t\t<div class=\"elementor-column-wrap elementor-element-populated\">\n\t\t\t\t\t\t\t<div class=\"elementor-widget-wrap\">\n\t\t\t\t\t\t<section class=\"elementor-section elementor-inner-section elementor-element elementor-element-5b053290 elementor-section-boxed elementor-section-height-default elementor-section-height-default\" data-id=\"5b053290\" data-element_type=\"section\">\n\t\t\t\t\t\t<div class=\"elementor-container elementor-column-gap-default\">\n\t\t\t\t\t\t\t<div class=\"elementor-row\">\n\t\t\t\t\t<div class=\"elementor-column elementor-col-100 elementor-inner-column elementor-element elementor-element-489d4734\" data-id=\"489d4734\" data-element_type=\"column\">\n\t\t\t<div class=\"elementor-column-wrap elementor-element-populated\">\n\t\t\t\t\t\t\t<div class=\"elementor-widget-wrap\">\n\t\t\t\t\t\t<div class=\"elementor-element elementor-element-347685c6 elementor-view-default elementor-widget elementor-widget-icon\" data-id=\"347685c6\" data-element_type=\"widget\" data-widget_type=\"icon.default\">\n\t\t\t\t<div class=\"elementor-widget-container\">\n\t\t\t\t\t<div class=\"elementor-icon-wrapper\">\n\t\t\t<div class=\"elementor-icon\">\n\t\t\t<i aria-hidden=\"true\" class=\"eci  fts_solutions-fts_icons1\"><\/i>\t\t\t<\/div>\n\t\t<\/div>\n\t\t\t\t<\/div>\n\t\t\t\t<\/div>\n\t\t\t\t<div class=\"elementor-element elementor-element-6d0ec668 elementor-widget elementor-widget-heading\" data-id=\"6d0ec668\" data-element_type=\"widget\" data-widget_type=\"heading.default\">\n\t\t\t\t<div class=\"elementor-widget-container\">\n\t\t\t<h2 class=\"elementor-heading-title elementor-size-default\">Optimiseur de revenus\n<\/h2>\t\t<\/div>\n\t\t\t\t<\/div>\n\t\t\t\t\t\t<\/div>\n\t\t\t\t\t<\/div>\n\t\t<\/div>\n\t\t\t\t\t\t\t\t<\/div>\n\t\t\t\t\t<\/div>\n\t\t<\/section>\n\t\t\t\t<section class=\"elementor-section elementor-inner-section elementor-element elementor-element-4250e6b2 elementor-section-boxed elementor-section-height-default elementor-section-height-default\" data-id=\"4250e6b2\" data-element_type=\"section\">\n\t\t\t\t\t\t<div class=\"elementor-container elementor-column-gap-default\">\n\t\t\t\t\t\t\t<div class=\"elementor-row\">\n\t\t\t\t\t<div class=\"elementor-column elementor-col-33 elementor-inner-column elementor-element elementor-element-4a116a2\" data-id=\"4a116a2\" data-element_type=\"column\">\n\t\t\t<div class=\"elementor-column-wrap\">\n\t\t\t\t\t\t\t<div class=\"elementor-widget-wrap\">\n\t\t\t\t\t\t\t\t<\/div>\n\t\t\t\t\t<\/div>\n\t\t<\/div>\n\t\t\t\t<div class=\"elementor-column elementor-col-33 elementor-inner-column elementor-element elementor-element-16536582\" data-id=\"16536582\" data-element_type=\"column\">\n\t\t\t<div class=\"elementor-column-wrap elementor-element-populated\">\n\t\t\t\t\t\t\t<div class=\"elementor-widget-wrap\">\n\t\t\t\t\t\t<div class=\"elementor-element elementor-element-77e6dcd3 elementor-widget elementor-widget-text-editor\" data-id=\"77e6dcd3\" data-element_type=\"widget\" data-widget_type=\"text-editor.default\">\n\t\t\t\t<div class=\"elementor-widget-container\">\n\t\t\t\t\t\t\t\t<div class=\"elementor-text-editor elementor-clearfix\">\n\t\t\t\t<p>Notre outil de gestion des revenus, bien nomm\u00e9 Revenue Optimizer, utilise des donn\u00e9es de premi\u00e8re et de tierce partie pour pr\u00e9voir les ventes, mettre en \u00e9vidence les tendances du secteur et sugg\u00e9rer des p\u00e9riodes id\u00e9ales pour les incitations promotionnelles.<\/p>\t\t\t\t\t<\/div>\n\t\t\t\t\t\t<\/div>\n\t\t\t\t<\/div>\n\t\t\t\t\t\t<\/div>\n\t\t\t\t\t<\/div>\n\t\t<\/div>\n\t\t\t\t<div class=\"elementor-column elementor-col-33 elementor-inner-column elementor-element elementor-element-1d012152\" data-id=\"1d012152\" data-element_type=\"column\">\n\t\t\t<div class=\"elementor-column-wrap\">\n\t\t\t\t\t\t\t<div class=\"elementor-widget-wrap\">\n\t\t\t\t\t\t\t\t<\/div>\n\t\t\t\t\t<\/div>\n\t\t<\/div>\n\t\t\t\t\t\t\t\t<\/div>\n\t\t\t\t\t<\/div>\n\t\t<\/section>\n\t\t\t\t\t\t<\/div>\n\t\t\t\t\t<\/div>\n\t\t<\/div>\n\t\t\t\t\t\t\t\t<\/div>\n\t\t\t\t\t<\/div>\n\t\t<\/section>\n\t\t\t\t<section class=\"elementor-section elementor-top-section elementor-element elementor-element-1205e77e elementor-section-boxed elementor-section-height-default elementor-section-height-default\" data-id=\"1205e77e\" data-element_type=\"section\" data-settings=\"{&quot;background_background&quot;:&quot;classic&quot;,&quot;shape_divider_bottom&quot;:&quot;tilt&quot;}\">\n\t\t\t\t\t<div class=\"elementor-shape elementor-shape-bottom\" data-negative=\"false\">\n\t\t\t<svg xmlns=\"http:\/\/www.w3.org\/2000\/svg\" viewBox=\"0 0 1000 100\" preserveAspectRatio=\"none\">\n\t<path class=\"elementor-shape-fill\" d=\"M0,6V0h1000v100L0,6z\"\/>\n<\/svg>\t\t<\/div>\n\t\t\t\t\t<div class=\"elementor-container elementor-column-gap-default\">\n\t\t\t\t\t\t\t<div class=\"elementor-row\">\n\t\t\t\t\t<div class=\"elementor-column elementor-col-50 elementor-top-column elementor-element elementor-element-145d4380\" data-id=\"145d4380\" data-element_type=\"column\">\n\t\t\t<div class=\"elementor-column-wrap elementor-element-populated\">\n\t\t\t\t\t\t\t<div class=\"elementor-widget-wrap\">\n\t\t\t\t\t\t<section class=\"elementor-section elementor-inner-section elementor-element elementor-element-79042308 elementor-section-boxed elementor-section-height-default elementor-section-height-default\" data-id=\"79042308\" data-element_type=\"section\">\n\t\t\t\t\t\t<div class=\"elementor-container elementor-column-gap-default\">\n\t\t\t\t\t\t\t<div class=\"elementor-row\">\n\t\t\t\t\t<div class=\"elementor-column elementor-col-100 elementor-inner-column elementor-element elementor-element-1bab34fb\" data-id=\"1bab34fb\" data-element_type=\"column\">\n\t\t\t<div class=\"elementor-column-wrap elementor-element-populated\">\n\t\t\t\t\t\t\t<div class=\"elementor-widget-wrap\">\n\t\t\t\t\t\t<div class=\"elementor-element elementor-element-4f4b0c3e elementor-widget elementor-widget-text-editor\" data-id=\"4f4b0c3e\" data-element_type=\"widget\" data-widget_type=\"text-editor.default\">\n\t\t\t\t<div class=\"elementor-widget-container\">\n\t\t\t\t\t\t\t\t<div class=\"elementor-text-editor elementor-clearfix\">\n\t\t\t\t<p>Notre outil de gestion des revenus utilise des donn\u00e9es de premi\u00e8re et de tierce partie pour pr\u00e9voir les ventes, mettre en \u00e9vidence les tendances du secteur et sugg\u00e9rer des p\u00e9riodes id\u00e9ales pour les incitations promotionnelles. L\u2019outil est aussi flexible que puissant et peut \u00eatre int\u00e9gr\u00e9 aux syst\u00e8mes existants.<\/p>\n\n<p>Con\u00e7u pour fournir des informations riches et exploitables, l\u2019Optimiseur de revenus bas\u00e9 sur des r\u00e8gles permettra aux \u00e9quipes d\u2019\u00eatre efficace avec des donn\u00e9es \u00e0 jour, afin de mieux prendre en charge leurs d\u00e9cisions et g\u00e9rer efficacement les revenus.<\/p>\n\t\t\t\t\t<\/div>\n\t\t\t\t\t\t<\/div>\n\t\t\t\t<\/div>\n\t\t\t\t\t\t<\/div>\n\t\t\t\t\t<\/div>\n\t\t<\/div>\n\t\t\t\t\t\t\t\t<\/div>\n\t\t\t\t\t<\/div>\n\t\t<\/section>\n\t\t\t\t\t\t<\/div>\n\t\t\t\t\t<\/div>\n\t\t<\/div>\n\t\t\t\t<div class=\"elementor-column elementor-col-50 elementor-top-column elementor-element elementor-element-1c028155\" data-id=\"1c028155\" data-element_type=\"column\">\n\t\t\t<div class=\"elementor-column-wrap elementor-element-populated\">\n\t\t\t\t\t\t\t<div class=\"elementor-widget-wrap\">\n\t\t\t\t\t\t<section class=\"elementor-section elementor-inner-section elementor-element elementor-element-2d9428fb elementor-section-height-min-height elementor-section-content-middle elementor-section-boxed elementor-section-height-default\" data-id=\"2d9428fb\" data-element_type=\"section\">\n\t\t\t\t\t\t<div class=\"elementor-container elementor-column-gap-default\">\n\t\t\t\t\t\t\t<div class=\"elementor-row\">\n\t\t\t\t\t<div class=\"elementor-column elementor-col-100 elementor-inner-column elementor-element elementor-element-81b663\" data-id=\"81b663\" data-element_type=\"column\">\n\t\t\t<div class=\"elementor-column-wrap elementor-element-populated\">\n\t\t\t\t\t\t\t<div class=\"elementor-widget-wrap\">\n\t\t\t\t\t\t<div class=\"elementor-element elementor-element-f08962c elementor-align-left elementor-icon-list--layout-traditional elementor-list-item-link-full_width elementor-widget elementor-widget-icon-list\" data-id=\"f08962c\" data-element_type=\"widget\" data-widget_type=\"icon-list.default\">\n\t\t\t\t<div class=\"elementor-widget-container\">\n\t\t\t\t\t<ul class=\"elementor-icon-list-items\">\n\t\t\t\t\t\t\t<li class=\"elementor-icon-list-item\">\n\t\t\t\t\t\t\t\t\t\t\t<span class=\"elementor-icon-list-icon\">\n\t\t\t\t\t\t\t<i aria-hidden=\"true\" class=\"far fa-dot-circle\"><\/i>\t\t\t\t\t\t<\/span>\n\t\t\t\t\t\t\t\t\t\t<span class=\"elementor-icon-list-text\">Pr\u00e9vision des ventes et des tendances<\/span>\n\t\t\t\t\t\t\t\t\t<\/li>\n\t\t\t\t\t\t\t\t<li class=\"elementor-icon-list-item\">\n\t\t\t\t\t\t\t\t\t\t\t<span class=\"elementor-icon-list-icon\">\n\t\t\t\t\t\t\t<i aria-hidden=\"true\" class=\"far fa-dot-circle\"><\/i>\t\t\t\t\t\t<\/span>\n\t\t\t\t\t\t\t\t\t\t<span class=\"elementor-icon-list-text\">\u00c9valuation de la performance<\/span>\n\t\t\t\t\t\t\t\t\t<\/li>\n\t\t\t\t\t\t\t\t<li class=\"elementor-icon-list-item\">\n\t\t\t\t\t\t\t\t\t\t\t<span class=\"elementor-icon-list-icon\">\n\t\t\t\t\t\t\t<i aria-hidden=\"true\" class=\"far fa-dot-circle\"><\/i>\t\t\t\t\t\t<\/span>\n\t\t\t\t\t\t\t\t\t\t<span class=\"elementor-icon-list-text\">Capacit\u00e9 \u00e0 tester AB et \u00e0 visualiser la sortie<\/span>\n\t\t\t\t\t\t\t\t\t<\/li>\n\t\t\t\t\t\t\t\t<li class=\"elementor-icon-list-item\">\n\t\t\t\t\t\t\t\t\t\t\t<span class=\"elementor-icon-list-icon\">\n\t\t\t\t\t\t\t<i aria-hidden=\"true\" class=\"far fa-dot-circle\"><\/i>\t\t\t\t\t\t<\/span>\n\t\t\t\t\t\t\t\t\t\t<span class=\"elementor-icon-list-text\">Int\u00e9gration autonome ou facile avec votre syst\u00e8me CRS<\/span>\n\t\t\t\t\t\t\t\t\t<\/li>\n\t\t\t\t\t\t<\/ul>\n\t\t\t\t<\/div>\n\t\t\t\t<\/div>\n\t\t\t\t\t\t<\/div>\n\t\t\t\t\t<\/div>\n\t\t<\/div>\n\t\t\t\t\t\t\t\t<\/div>\n\t\t\t\t\t<\/div>\n\t\t<\/section>\n\t\t\t\t\t\t<\/div>\n\t\t\t\t\t<\/div>\n\t\t<\/div>\n\t\t\t\t\t\t\t\t<\/div>\n\t\t\t\t\t<\/div>\n\t\t<\/section>\n\t\t\t\t<section class=\"elementor-section elementor-top-section elementor-element elementor-element-677e7e9c elementor-section-boxed elementor-section-height-default elementor-section-height-default\" data-id=\"677e7e9c\" data-element_type=\"section\" data-settings=\"{&quot;background_background&quot;:&quot;classic&quot;,&quot;shape_divider_top&quot;:&quot;tilt&quot;,&quot;motion_fx_motion_fx_scrolling&quot;:&quot;yes&quot;,&quot;motion_fx_opacity_effect&quot;:&quot;yes&quot;,&quot;motion_fx_opacity_range&quot;:{&quot;unit&quot;:&quot;%&quot;,&quot;size&quot;:&quot;&quot;,&quot;sizes&quot;:{&quot;start&quot;:5,&quot;end&quot;:32}},&quot;motion_fx_opacity_direction&quot;:&quot;out-in&quot;,&quot;motion_fx_opacity_level&quot;:{&quot;unit&quot;:&quot;px&quot;,&quot;size&quot;:10,&quot;sizes&quot;:[]},&quot;motion_fx_devices&quot;:[&quot;desktop&quot;,&quot;tablet&quot;,&quot;mobile&quot;]}\">\n\t\t\t\t\t\t\t<div class=\"elementor-background-overlay\"><\/div>\n\t\t\t\t\t\t<div class=\"elementor-shape elementor-shape-top\" data-negative=\"false\">\n\t\t\t<svg xmlns=\"http:\/\/www.w3.org\/2000\/svg\" viewBox=\"0 0 1000 100\" preserveAspectRatio=\"none\">\n\t<path class=\"elementor-shape-fill\" d=\"M0,6V0h1000v100L0,6z\"\/>\n<\/svg>\t\t<\/div>\n\t\t\t\t\t<div class=\"elementor-container elementor-column-gap-default\">\n\t\t\t\t\t\t\t<div class=\"elementor-row\">\n\t\t\t\t\t<div class=\"elementor-column elementor-col-50 elementor-top-column elementor-element elementor-element-13c3183d\" data-id=\"13c3183d\" data-element_type=\"column\" data-settings=\"{&quot;background_background&quot;:&quot;classic&quot;}\">\n\t\t\t<div class=\"elementor-column-wrap elementor-element-populated\">\n\t\t\t\t\t\t\t<div class=\"elementor-widget-wrap\">\n\t\t\t\t\t\t<div class=\"elementor-element elementor-element-52740095 elementor-widget elementor-widget-heading\" data-id=\"52740095\" data-element_type=\"widget\" data-widget_type=\"heading.default\">\n\t\t\t\t<div class=\"elementor-widget-container\">\n\t\t\t<h2 class=\"elementor-heading-title elementor-size-default\">Pr\u00eat \u00e0 en d\u00e9couvrir plus?\n<\/h2>\t\t<\/div>\n\t\t\t\t<\/div>\n\t\t\t\t<div class=\"elementor-element elementor-element-68b329b4 elementor-widget elementor-widget-text-editor\" data-id=\"68b329b4\" data-element_type=\"widget\" data-widget_type=\"text-editor.default\">\n\t\t\t\t<div class=\"elementor-widget-container\">\n\t\t\t\t\t\t\t\t<div class=\"elementor-text-editor elementor-clearfix\">\n\t\t\t\t<p>R\u00e9servez une d\u00e9mo de la plate-forme FTS pour examiner les solutions et d\u00e9couvrir comment elles peuvent mieux soutenir votre \u00e9quipe et votre entreprise.<\/p>\t\t\t\t\t<\/div>\n\t\t\t\t\t\t<\/div>\n\t\t\t\t<\/div>\n\t\t\t\t<div class=\"elementor-element elementor-element-63ab3ed elementor-align-left elementor-mobile-align-center elementor-widget elementor-widget-button\" data-id=\"63ab3ed\" data-element_type=\"widget\" data-widget_type=\"button.default\">\n\t\t\t\t<div class=\"elementor-widget-container\">\n\t\t\t\t\t<div class=\"elementor-button-wrapper\">\n\t\t\t<a href=\"https:\/\/flextravelsolutions.com\/fr\/contact\/\" class=\"elementor-button-link elementor-button elementor-size-sm\" role=\"button\">\n\t\t\t\t\t\t<span class=\"elementor-button-content-wrapper\">\n\t\t\t\t\t\t<span class=\"elementor-button-text\">Contactez-nous<\/span>\n\t\t<\/span>\n\t\t\t\t\t<\/a>\n\t\t<\/div>\n\t\t\t\t<\/div>\n\t\t\t\t<\/div>\n\t\t\t\t\t\t<\/div>\n\t\t\t\t\t<\/div>\n\t\t<\/div>\n\t\t\t\t<div class=\"elementor-column elementor-col-50 elementor-top-column elementor-element elementor-element-570864d7\" data-id=\"570864d7\" data-element_type=\"column\">\n\t\t\t<div class=\"elementor-column-wrap elementor-element-populated\">\n\t\t\t\t\t\t\t<div class=\"elementor-widget-wrap\">\n\t\t\t\t\t\t<div class=\"elementor-element elementor-element-70243fe2 elementor-widget elementor-widget-image\" data-id=\"70243fe2\" data-element_type=\"widget\" data-widget_type=\"image.default\">\n\t\t\t\t<div class=\"elementor-widget-container\">\n\t\t\t\t\t\t\t\t<div class=\"elementor-image\">\n\t\t\t\t\t\t\t\t\t\t\t\t<img decoding=\"async\" src=\"https:\/\/i0.wp.com\/flextravelsolutions.com\/wp-content\/uploads\/elementor\/thumbs\/flextravelsolutions_smiling_women-pw84vk4r1a7kkjivcsno4v0frzesuebrz5ugs17hlk.png?w=640&#038;ssl=1\" title=\"flextravelsolutions_smiling_women\" alt=\"flextravelsolutions_smiling_women\" loading=\"lazy\" data-recalc-dims=\"1\" \/>\t\t\t\t\t\t\t\t\t\t\t\t\t\t<\/div>\n\t\t\t\t\t\t<\/div>\n\t\t\t\t<\/div>\n\t\t\t\t\t\t<\/div>\n\t\t\t\t\t<\/div>\n\t\t<\/div>\n\t\t\t\t\t\t\t\t<\/div>\n\t\t\t\t\t<\/div>\n\t\t<\/section>\n\t\t\t\t\t\t\t\t\t<\/div>\n\t\t\t<\/div>\n\t\t\t\t\t<\/div>\n\t\t","protected":false},"excerpt":{"rendered":"<p>Optimiseur de revenus Notre outil de gestion des revenus, bien nomm\u00e9 Revenue Optimizer, utilise des donn\u00e9es de premi\u00e8re et de tierce partie pour pr\u00e9voir les ventes, mettre en \u00e9vidence les tendances du secteur et sugg\u00e9rer des p\u00e9riodes id\u00e9ales pour les incitations promotionnelles. Notre outil de gestion des revenus utilise des donn\u00e9es de premi\u00e8re et de &hellip; <a href=\"https:\/\/flextravelsolutions.com\/fr\/revenue-optimizer\/\" class=\"more-link\">Continue reading <span class=\"screen-reader-text\">Optimiseur de revenus<\/span><\/a><\/p>\n","protected":false},"author":1,"featured_media":0,"parent":0,"menu_order":0,"comment_status":"closed","ping_status":"closed","template":"elementor_header_footer","meta":{"content-type":"","inline_featured_image":false,"_mi_skip_tracking":false,"footnotes":""},"class_list":["post-12373","page","type-page","status-publish","hentry","entry"],"yoast_head":"<!-- This site is optimized with the Yoast SEO plugin v20.5 - https:\/\/yoast.com\/wordpress\/plugins\/seo\/ -->\n<title>Optimiseur de revenus - Flex Travel Solutions<\/title>\n<meta name=\"robots\" content=\"index, follow, max-snippet:-1, max-image-preview:large, max-video-preview:-1\" \/>\n<link rel=\"canonical\" href=\"https:\/\/flextravelsolutions.com\/fr\/revenue-optimizer\/\" \/>\n<meta property=\"og:locale\" content=\"fr_FR\" \/>\n<meta property=\"og:type\" content=\"article\" \/>\n<meta property=\"og:title\" content=\"Optimiseur de revenus - Flex Travel Solutions\" \/>\n<meta property=\"og:description\" content=\"Optimiseur de revenus Notre outil de gestion des revenus, bien nomm\u00e9 Revenue Optimizer, utilise des donn\u00e9es de premi\u00e8re et de tierce partie pour pr\u00e9voir les ventes, mettre en \u00e9vidence les tendances du secteur et sugg\u00e9rer des p\u00e9riodes id\u00e9ales pour les incitations promotionnelles. Notre outil de gestion des revenus utilise des donn\u00e9es de premi\u00e8re et de &hellip; Continue reading Optimiseur de revenus\" \/>\n<meta property=\"og:url\" content=\"https:\/\/flextravelsolutions.com\/fr\/revenue-optimizer\/\" \/>\n<meta property=\"og:site_name\" content=\"Flex Travel Solutions\" \/>\n<meta property=\"article:modified_time\" content=\"2021-03-19T19:13:03+00:00\" \/>\n<meta property=\"og:image\" content=\"https:\/\/flextravelsolutions.com\/wp-content\/uploads\/elementor\/thumbs\/flextravelsolutions_smiling_women-p2v113lpzd69a05k78k5j88gr6kzcprpoywb0dde54.png\" \/>\n<meta name=\"twitter:card\" content=\"summary_large_image\" \/>\n<meta name=\"twitter:label1\" content=\"Dur\u00e9e de lecture estim\u00e9e\" \/>\n\t<meta name=\"twitter:data1\" content=\"1 minute\" \/>\n<script type=\"application\/ld+json\" class=\"yoast-schema-graph\">{\"@context\":\"https:\/\/schema.org\",\"@graph\":[{\"@type\":\"WebPage\",\"@id\":\"https:\/\/flextravelsolutions.com\/fr\/revenue-optimizer\/\",\"url\":\"https:\/\/flextravelsolutions.com\/fr\/revenue-optimizer\/\",\"name\":\"Optimiseur de revenus - Flex Travel Solutions\",\"isPartOf\":{\"@id\":\"https:\/\/flextravelsolutions.com\/fr\/#website\"},\"datePublished\":\"2020-05-20T18:32:19+00:00\",\"dateModified\":\"2021-03-19T19:13:03+00:00\",\"breadcrumb\":{\"@id\":\"https:\/\/flextravelsolutions.com\/fr\/revenue-optimizer\/#breadcrumb\"},\"inLanguage\":\"fr-FR\",\"potentialAction\":[{\"@type\":\"ReadAction\",\"target\":[\"https:\/\/flextravelsolutions.com\/fr\/revenue-optimizer\/\"]}]},{\"@type\":\"BreadcrumbList\",\"@id\":\"https:\/\/flextravelsolutions.com\/fr\/revenue-optimizer\/#breadcrumb\",\"itemListElement\":[{\"@type\":\"ListItem\",\"position\":1,\"name\":\"Home\",\"item\":\"https:\/\/flextravelsolutions.com\/\"},{\"@type\":\"ListItem\",\"position\":2,\"name\":\"Optimiseur de revenus\"}]},{\"@type\":\"WebSite\",\"@id\":\"https:\/\/flextravelsolutions.com\/fr\/#website\",\"url\":\"https:\/\/flextravelsolutions.com\/fr\/\",\"name\":\"Flex Travel Solutions\",\"description\":\"\",\"publisher\":{\"@id\":\"https:\/\/flextravelsolutions.com\/fr\/#organization\"},\"potentialAction\":[{\"@type\":\"SearchAction\",\"target\":{\"@type\":\"EntryPoint\",\"urlTemplate\":\"https:\/\/flextravelsolutions.com\/fr\/?s={search_term_string}\"},\"query-input\":\"required name=search_term_string\"}],\"inLanguage\":\"fr-FR\"},{\"@type\":\"Organization\",\"@id\":\"https:\/\/flextravelsolutions.com\/fr\/#organization\",\"name\":\"Flex Travel Solutions\",\"url\":\"https:\/\/flextravelsolutions.com\/fr\/\",\"logo\":{\"@type\":\"ImageObject\",\"inLanguage\":\"fr-FR\",\"@id\":\"https:\/\/flextravelsolutions.com\/fr\/#\/schema\/logo\/image\/\",\"url\":\"https:\/\/flextravelsolutions.com\/wp-content\/uploads\/2020\/04\/fts_logo_full.svg\",\"contentUrl\":\"https:\/\/flextravelsolutions.com\/wp-content\/uploads\/2020\/04\/fts_logo_full.svg\",\"caption\":\"Flex Travel Solutions\"},\"image\":{\"@id\":\"https:\/\/flextravelsolutions.com\/fr\/#\/schema\/logo\/image\/\"}}]}<\/script>\n<!-- \/ Yoast SEO plugin. -->","yoast_head_json":{"title":"Optimiseur de revenus - Flex Travel Solutions","robots":{"index":"index","follow":"follow","max-snippet":"max-snippet:-1","max-image-preview":"max-image-preview:large","max-video-preview":"max-video-preview:-1"},"canonical":"https:\/\/flextravelsolutions.com\/fr\/revenue-optimizer\/","og_locale":"fr_FR","og_type":"article","og_title":"Optimiseur de revenus - Flex Travel Solutions","og_description":"Optimiseur de revenus Notre outil de gestion des revenus, bien nomm\u00e9 Revenue Optimizer, utilise des donn\u00e9es de premi\u00e8re et de tierce partie pour pr\u00e9voir les ventes, mettre en \u00e9vidence les tendances du secteur et sugg\u00e9rer des p\u00e9riodes id\u00e9ales pour les incitations promotionnelles. Notre outil de gestion des revenus utilise des donn\u00e9es de premi\u00e8re et de &hellip; Continue reading Optimiseur de revenus","og_url":"https:\/\/flextravelsolutions.com\/fr\/revenue-optimizer\/","og_site_name":"Flex Travel Solutions","article_modified_time":"2021-03-19T19:13:03+00:00","og_image":[{"url":"https:\/\/flextravelsolutions.com\/wp-content\/uploads\/elementor\/thumbs\/flextravelsolutions_smiling_women-p2v113lpzd69a05k78k5j88gr6kzcprpoywb0dde54.png"}],"twitter_card":"summary_large_image","twitter_misc":{"Dur\u00e9e de lecture estim\u00e9e":"1 minute"},"schema":{"@context":"https:\/\/schema.org","@graph":[{"@type":"WebPage","@id":"https:\/\/flextravelsolutions.com\/fr\/revenue-optimizer\/","url":"https:\/\/flextravelsolutions.com\/fr\/revenue-optimizer\/","name":"Optimiseur de revenus - Flex Travel Solutions","isPartOf":{"@id":"https:\/\/flextravelsolutions.com\/fr\/#website"},"datePublished":"2020-05-20T18:32:19+00:00","dateModified":"2021-03-19T19:13:03+00:00","breadcrumb":{"@id":"https:\/\/flextravelsolutions.com\/fr\/revenue-optimizer\/#breadcrumb"},"inLanguage":"fr-FR","potentialAction":[{"@type":"ReadAction","target":["https:\/\/flextravelsolutions.com\/fr\/revenue-optimizer\/"]}]},{"@type":"BreadcrumbList","@id":"https:\/\/flextravelsolutions.com\/fr\/revenue-optimizer\/#breadcrumb","itemListElement":[{"@type":"ListItem","position":1,"name":"Home","item":"https:\/\/flextravelsolutions.com\/"},{"@type":"ListItem","position":2,"name":"Optimiseur de revenus"}]},{"@type":"WebSite","@id":"https:\/\/flextravelsolutions.com\/fr\/#website","url":"https:\/\/flextravelsolutions.com\/fr\/","name":"Flex Travel Solutions","description":"","publisher":{"@id":"https:\/\/flextravelsolutions.com\/fr\/#organization"},"potentialAction":[{"@type":"SearchAction","target":{"@type":"EntryPoint","urlTemplate":"https:\/\/flextravelsolutions.com\/fr\/?s={search_term_string}"},"query-input":"required name=search_term_string"}],"inLanguage":"fr-FR"},{"@type":"Organization","@id":"https:\/\/flextravelsolutions.com\/fr\/#organization","name":"Flex Travel Solutions","url":"https:\/\/flextravelsolutions.com\/fr\/","logo":{"@type":"ImageObject","inLanguage":"fr-FR","@id":"https:\/\/flextravelsolutions.com\/fr\/#\/schema\/logo\/image\/","url":"https:\/\/flextravelsolutions.com\/wp-content\/uploads\/2020\/04\/fts_logo_full.svg","contentUrl":"https:\/\/flextravelsolutions.com\/wp-content\/uploads\/2020\/04\/fts_logo_full.svg","caption":"Flex Travel Solutions"},"image":{"@id":"https:\/\/flextravelsolutions.com\/fr\/#\/schema\/logo\/image\/"}}]}},"_links":{"self":[{"href":"https:\/\/flextravelsolutions.com\/fr\/wp-json\/wp\/v2\/pages\/12373","targetHints":{"allow":["GET"]}}],"collection":[{"href":"https:\/\/flextravelsolutions.com\/fr\/wp-json\/wp\/v2\/pages"}],"about":[{"href":"https:\/\/flextravelsolutions.com\/fr\/wp-json\/wp\/v2\/types\/page"}],"author":[{"embeddable":true,"href":"https:\/\/flextravelsolutions.com\/fr\/wp-json\/wp\/v2\/users\/1"}],"replies":[{"embeddable":true,"href":"https:\/\/flextravelsolutions.com\/fr\/wp-json\/wp\/v2\/comments?post=12373"}],"version-history":[{"count":0,"href":"https:\/\/flextravelsolutions.com\/fr\/wp-json\/wp\/v2\/pages\/12373\/revisions"}],"wp:attachment":[{"href":"https:\/\/flextravelsolutions.com\/fr\/wp-json\/wp\/v2\/media?parent=12373"}],"curies":[{"name":"wp","href":"https:\/\/api.w.org\/{rel}","templated":true}]}}