{"id":12415,"date":"2020-05-20T20:51:57","date_gmt":"2020-05-20T20:51:57","guid":{"rendered":"https:\/\/flextravelsolutions.com\/?page_id=12415"},"modified":"2020-05-20T22:55:51","modified_gmt":"2020-05-20T22:55:51","slug":"reserver-un-demo","status":"publish","type":"page","link":"https:\/\/flextravelsolutions.com\/fr\/reserver-un-demo\/","title":{"rendered":"R\u00e9server un d\u00e9mo"},"content":{"rendered":"\t\t<div data-elementor-type=\"wp-page\" data-elementor-id=\"12415\" class=\"elementor elementor-12415 elementor-12410\">\n\t\t\t\t\t\t<div class=\"elementor-inner\">\n\t\t\t\t<div class=\"elementor-section-wrap\">\n\t\t\t\t\t\t\t\t\t<section class=\"elementor-section elementor-top-section elementor-element elementor-element-835ae29 elementor-section-boxed elementor-section-height-default elementor-section-height-default\" data-id=\"835ae29\" data-element_type=\"section\">\n\t\t\t\t\t\t<div class=\"elementor-container elementor-column-gap-default\">\n\t\t\t\t\t\t\t<div class=\"elementor-row\">\n\t\t\t\t\t<div class=\"elementor-column elementor-col-100 elementor-top-column elementor-element elementor-element-2cd59f3\" data-id=\"2cd59f3\" data-element_type=\"column\">\n\t\t\t<div class=\"elementor-column-wrap elementor-element-populated\">\n\t\t\t\t\t\t\t<div class=\"elementor-widget-wrap\">\n\t\t\t\t\t\t<section class=\"elementor-section elementor-inner-section elementor-element elementor-element-fc21744 elementor-section-boxed elementor-section-height-default elementor-section-height-default\" data-id=\"fc21744\" data-element_type=\"section\">\n\t\t\t\t\t\t<div class=\"elementor-container elementor-column-gap-default\">\n\t\t\t\t\t\t\t<div class=\"elementor-row\">\n\t\t\t\t\t<div class=\"elementor-column elementor-col-33 elementor-inner-column elementor-element elementor-element-5881f28\" data-id=\"5881f28\" data-element_type=\"column\">\n\t\t\t<div class=\"elementor-column-wrap\">\n\t\t\t\t\t\t\t<div class=\"elementor-widget-wrap\">\n\t\t\t\t\t\t\t\t<\/div>\n\t\t\t\t\t<\/div>\n\t\t<\/div>\n\t\t\t\t<div class=\"elementor-column elementor-col-33 elementor-inner-column elementor-element elementor-element-e7485d1\" data-id=\"e7485d1\" data-element_type=\"column\">\n\t\t\t<div class=\"elementor-column-wrap elementor-element-populated\">\n\t\t\t\t\t\t\t<div class=\"elementor-widget-wrap\">\n\t\t\t\t\t\t<div class=\"elementor-element elementor-element-2872739 elementor-widget elementor-widget-heading\" data-id=\"2872739\" data-element_type=\"widget\" data-widget_type=\"heading.default\">\n\t\t\t\t<div class=\"elementor-widget-container\">\n\t\t\t<h4 class=\"elementor-heading-title elementor-size-default\">R\u00e9server un d\u00e9mo<\/h4>\t\t<\/div>\n\t\t\t\t<\/div>\n\t\t\t\t<div class=\"elementor-element elementor-element-984779c elementor-widget elementor-widget-text-editor\" data-id=\"984779c\" data-element_type=\"widget\" data-widget_type=\"text-editor.default\">\n\t\t\t\t<div class=\"elementor-widget-container\">\n\t\t\t\t\t\t\t\t<div class=\"elementor-text-editor elementor-clearfix\">\n\t\t\t\t<div class=\"text-wrap tlid-copy-target\">\n<div class=\"result-shield-container tlid-copy-target\" tabindex=\"0\"><span class=\"tlid-translation translation\" lang=\"fr\"><span class=\"\" title=\"\">Int\u00e9ress\u00e9 par notre produit?<\/span> <span class=\"\" title=\"\">Envoyez-nous votre courriel et  nous communiquerons bient\u00f4t avec vous.<\/span><\/span><\/div>\n<\/div>\t\t\t\t\t<\/div>\n\t\t\t\t\t\t<\/div>\n\t\t\t\t<\/div>\n\t\t\t\t\t\t<\/div>\n\t\t\t\t\t<\/div>\n\t\t<\/div>\n\t\t\t\t<div class=\"elementor-column elementor-col-33 elementor-inner-column elementor-element elementor-element-1a6acbe\" data-id=\"1a6acbe\" data-element_type=\"column\">\n\t\t\t<div class=\"elementor-column-wrap\">\n\t\t\t\t\t\t\t<div class=\"elementor-widget-wrap\">\n\t\t\t\t\t\t\t\t<\/div>\n\t\t\t\t\t<\/div>\n\t\t<\/div>\n\t\t\t\t\t\t\t\t<\/div>\n\t\t\t\t\t<\/div>\n\t\t<\/section>\n\t\t\t\t<section class=\"elementor-section elementor-inner-section elementor-element elementor-element-f33987f elementor-section-boxed elementor-section-height-default elementor-section-height-default\" data-id=\"f33987f\" data-element_type=\"section\">\n\t\t\t\t\t\t<div class=\"elementor-container elementor-column-gap-default\">\n\t\t\t\t\t\t\t<div class=\"elementor-row\">\n\t\t\t\t\t<div class=\"elementor-column elementor-col-33 elementor-inner-column elementor-element elementor-element-3d4439d\" data-id=\"3d4439d\" data-element_type=\"column\">\n\t\t\t<div class=\"elementor-column-wrap\">\n\t\t\t\t\t\t\t<div class=\"elementor-widget-wrap\">\n\t\t\t\t\t\t\t\t<\/div>\n\t\t\t\t\t<\/div>\n\t\t<\/div>\n\t\t\t\t<div class=\"elementor-column elementor-col-33 elementor-inner-column elementor-element elementor-element-9efd2b0\" data-id=\"9efd2b0\" data-element_type=\"column\">\n\t\t\t<div class=\"elementor-column-wrap elementor-element-populated\">\n\t\t\t\t\t\t\t<div class=\"elementor-widget-wrap\">\n\t\t\t\t\t\t<div class=\"elementor-element elementor-element-145ccd6 elementor-button-align-start elementor-widget elementor-widget-form\" data-id=\"145ccd6\" data-element_type=\"widget\" data-settings=\"{&quot;step_next_label&quot;:&quot;Suivant&quot;,&quot;step_previous_label&quot;:&quot;Pr\\u00e9c\\u00e9dent&quot;,&quot;step_type&quot;:&quot;number_text&quot;,&quot;step_icon_shape&quot;:&quot;circle&quot;}\" data-widget_type=\"form.default\">\n\t\t\t\t<div class=\"elementor-widget-container\">\n\t\t\t\t\t<form class=\"elementor-form\" method=\"post\" name=\"Demo Booking\">\n\t\t\t<input type=\"hidden\" name=\"post_id\" value=\"12415\"\/>\n\t\t\t<input type=\"hidden\" name=\"form_id\" value=\"145ccd6\"\/>\n\t\t\t<input type=\"hidden\" name=\"referer_title\" value=\"Flex Travel Solutions\" \/>\n\n\t\t\t\n\t\t\t<div class=\"elementor-form-fields-wrapper elementor-labels-above\">\n\t\t\t\t\t\t\t\t<div class=\"elementor-field-type-text elementor-field-group elementor-column elementor-field-group-name elementor-col-100\">\n\t\t\t\t\t\t\t\t\t\t\t\t<label for=\"form-field-name\" class=\"elementor-field-label\">\n\t\t\t\t\t\t\t\tAvant de commencer, entrez votre courriel.\t\t\t\t\t\t\t<\/label>\n\t\t\t\t\t\t\t\t\t\t\t\t\t\t<input size=\"1\" type=\"text\" name=\"form_fields[name]\" id=\"form-field-name\" class=\"elementor-field elementor-size-sm  elementor-field-textual\" placeholder=\"Courriel\">\n\t\t\t\t\t\t\t\t\t\t\t<\/div>\n\t\t\t\t\t\t\t\t<div class=\"elementor-field-group elementor-column elementor-field-type-submit elementor-col-100 e-form__buttons\">\n\t\t\t\t\t<button type=\"submit\" class=\"elementor-button elementor-size-sm\">\n\t\t\t\t\t\t<span >\n\t\t\t\t\t\t\t\t\t\t\t\t\t\t\t<span class=\" elementor-button-icon\">\n\t\t\t\t\t\t\t\t\t\t\t\t\t\t\t\t\t\t\t\t\t\t\t\t\t\t<\/span>\n\t\t\t\t\t\t\t\t\t\t\t\t\t\t\t\t\t\t\t\t\t\t<span class=\"elementor-button-text\">Continuer<\/span>\n\t\t\t\t\t\t\t\t\t\t\t\t\t<\/span>\n\t\t\t\t\t<\/button>\n\t\t\t\t<\/div>\n\t\t\t<\/div>\n\t\t<\/form>\n\t\t\t\t<\/div>\n\t\t\t\t<\/div>\n\t\t\t\t\t\t<\/div>\n\t\t\t\t\t<\/div>\n\t\t<\/div>\n\t\t\t\t<div class=\"elementor-column elementor-col-33 elementor-inner-column elementor-element elementor-element-1ab3337\" data-id=\"1ab3337\" data-element_type=\"column\">\n\t\t\t<div class=\"elementor-column-wrap\">\n\t\t\t\t\t\t\t<div class=\"elementor-widget-wrap\">\n\t\t\t\t\t\t\t\t<\/div>\n\t\t\t\t\t<\/div>\n\t\t<\/div>\n\t\t\t\t\t\t\t\t<\/div>\n\t\t\t\t\t<\/div>\n\t\t<\/section>\n\t\t\t\t\t\t<\/div>\n\t\t\t\t\t<\/div>\n\t\t<\/div>\n\t\t\t\t\t\t\t\t<\/div>\n\t\t\t\t\t<\/div>\n\t\t<\/section>\n\t\t\t\t\t\t\t\t\t<\/div>\n\t\t\t<\/div>\n\t\t\t\t\t<\/div>\n\t\t","protected":false},"excerpt":{"rendered":"<p>R\u00e9server un d\u00e9mo Int\u00e9ress\u00e9 par notre produit? Envoyez-nous votre courriel et nous communiquerons bient\u00f4t avec vous.<\/p>\n","protected":false},"author":1,"featured_media":0,"parent":0,"menu_order":0,"comment_status":"closed","ping_status":"closed","template":"elementor_header_footer","meta":{"content-type":"","inline_featured_image":false,"_mi_skip_tracking":false,"footnotes":""},"class_list":["post-12415","page","type-page","status-publish","hentry","entry"],"yoast_head":"<!-- This site is optimized with the Yoast SEO plugin v20.5 - https:\/\/yoast.com\/wordpress\/plugins\/seo\/ -->\n<title>R\u00e9server un d\u00e9mo - Flex Travel Solutions<\/title>\n<meta name=\"robots\" content=\"index, follow, max-snippet:-1, max-image-preview:large, max-video-preview:-1\" \/>\n<link rel=\"canonical\" href=\"https:\/\/flextravelsolutions.com\/fr\/reserver-un-demo\/\" \/>\n<meta property=\"og:locale\" content=\"fr_FR\" \/>\n<meta property=\"og:type\" content=\"article\" \/>\n<meta property=\"og:title\" content=\"R\u00e9server un d\u00e9mo - Flex Travel Solutions\" \/>\n<meta property=\"og:description\" content=\"R\u00e9server un d\u00e9mo Int\u00e9ress\u00e9 par notre produit? Envoyez-nous votre courriel et nous communiquerons bient\u00f4t avec vous.\" \/>\n<meta property=\"og:url\" content=\"https:\/\/flextravelsolutions.com\/fr\/reserver-un-demo\/\" \/>\n<meta property=\"og:site_name\" content=\"Flex Travel Solutions\" \/>\n<meta property=\"article:modified_time\" content=\"2020-05-20T22:55:51+00:00\" \/>\n<meta name=\"twitter:card\" content=\"summary_large_image\" \/>\n<script type=\"application\/ld+json\" class=\"yoast-schema-graph\">{\"@context\":\"https:\/\/schema.org\",\"@graph\":[{\"@type\":\"WebPage\",\"@id\":\"https:\/\/flextravelsolutions.com\/fr\/reserver-un-demo\/\",\"url\":\"https:\/\/flextravelsolutions.com\/fr\/reserver-un-demo\/\",\"name\":\"R\u00e9server un d\u00e9mo - Flex Travel Solutions\",\"isPartOf\":{\"@id\":\"https:\/\/flextravelsolutions.com\/fr\/#website\"},\"datePublished\":\"2020-05-20T20:51:57+00:00\",\"dateModified\":\"2020-05-20T22:55:51+00:00\",\"breadcrumb\":{\"@id\":\"https:\/\/flextravelsolutions.com\/fr\/reserver-un-demo\/#breadcrumb\"},\"inLanguage\":\"fr-FR\",\"potentialAction\":[{\"@type\":\"ReadAction\",\"target\":[\"https:\/\/flextravelsolutions.com\/fr\/reserver-un-demo\/\"]}]},{\"@type\":\"BreadcrumbList\",\"@id\":\"https:\/\/flextravelsolutions.com\/fr\/reserver-un-demo\/#breadcrumb\",\"itemListElement\":[{\"@type\":\"ListItem\",\"position\":1,\"name\":\"Home\",\"item\":\"https:\/\/flextravelsolutions.com\/\"},{\"@type\":\"ListItem\",\"position\":2,\"name\":\"R\u00e9server un d\u00e9mo\"}]},{\"@type\":\"WebSite\",\"@id\":\"https:\/\/flextravelsolutions.com\/fr\/#website\",\"url\":\"https:\/\/flextravelsolutions.com\/fr\/\",\"name\":\"Flex Travel Solutions\",\"description\":\"\",\"publisher\":{\"@id\":\"https:\/\/flextravelsolutions.com\/fr\/#organization\"},\"potentialAction\":[{\"@type\":\"SearchAction\",\"target\":{\"@type\":\"EntryPoint\",\"urlTemplate\":\"https:\/\/flextravelsolutions.com\/fr\/?s={search_term_string}\"},\"query-input\":\"required name=search_term_string\"}],\"inLanguage\":\"fr-FR\"},{\"@type\":\"Organization\",\"@id\":\"https:\/\/flextravelsolutions.com\/fr\/#organization\",\"name\":\"Flex Travel Solutions\",\"url\":\"https:\/\/flextravelsolutions.com\/fr\/\",\"logo\":{\"@type\":\"ImageObject\",\"inLanguage\":\"fr-FR\",\"@id\":\"https:\/\/flextravelsolutions.com\/fr\/#\/schema\/logo\/image\/\",\"url\":\"https:\/\/flextravelsolutions.com\/wp-content\/uploads\/2020\/04\/fts_logo_full.svg\",\"contentUrl\":\"https:\/\/flextravelsolutions.com\/wp-content\/uploads\/2020\/04\/fts_logo_full.svg\",\"caption\":\"Flex Travel Solutions\"},\"image\":{\"@id\":\"https:\/\/flextravelsolutions.com\/fr\/#\/schema\/logo\/image\/\"}}]}<\/script>\n<!-- \/ Yoast SEO plugin. -->","yoast_head_json":{"title":"R\u00e9server un d\u00e9mo - Flex Travel Solutions","robots":{"index":"index","follow":"follow","max-snippet":"max-snippet:-1","max-image-preview":"max-image-preview:large","max-video-preview":"max-video-preview:-1"},"canonical":"https:\/\/flextravelsolutions.com\/fr\/reserver-un-demo\/","og_locale":"fr_FR","og_type":"article","og_title":"R\u00e9server un d\u00e9mo - Flex Travel Solutions","og_description":"R\u00e9server un d\u00e9mo Int\u00e9ress\u00e9 par notre produit? Envoyez-nous votre courriel et nous communiquerons bient\u00f4t avec vous.","og_url":"https:\/\/flextravelsolutions.com\/fr\/reserver-un-demo\/","og_site_name":"Flex Travel Solutions","article_modified_time":"2020-05-20T22:55:51+00:00","twitter_card":"summary_large_image","schema":{"@context":"https:\/\/schema.org","@graph":[{"@type":"WebPage","@id":"https:\/\/flextravelsolutions.com\/fr\/reserver-un-demo\/","url":"https:\/\/flextravelsolutions.com\/fr\/reserver-un-demo\/","name":"R\u00e9server un d\u00e9mo - Flex Travel Solutions","isPartOf":{"@id":"https:\/\/flextravelsolutions.com\/fr\/#website"},"datePublished":"2020-05-20T20:51:57+00:00","dateModified":"2020-05-20T22:55:51+00:00","breadcrumb":{"@id":"https:\/\/flextravelsolutions.com\/fr\/reserver-un-demo\/#breadcrumb"},"inLanguage":"fr-FR","potentialAction":[{"@type":"ReadAction","target":["https:\/\/flextravelsolutions.com\/fr\/reserver-un-demo\/"]}]},{"@type":"BreadcrumbList","@id":"https:\/\/flextravelsolutions.com\/fr\/reserver-un-demo\/#breadcrumb","itemListElement":[{"@type":"ListItem","position":1,"name":"Home","item":"https:\/\/flextravelsolutions.com\/"},{"@type":"ListItem","position":2,"name":"R\u00e9server un d\u00e9mo"}]},{"@type":"WebSite","@id":"https:\/\/flextravelsolutions.com\/fr\/#website","url":"https:\/\/flextravelsolutions.com\/fr\/","name":"Flex Travel Solutions","description":"","publisher":{"@id":"https:\/\/flextravelsolutions.com\/fr\/#organization"},"potentialAction":[{"@type":"SearchAction","target":{"@type":"EntryPoint","urlTemplate":"https:\/\/flextravelsolutions.com\/fr\/?s={search_term_string}"},"query-input":"required name=search_term_string"}],"inLanguage":"fr-FR"},{"@type":"Organization","@id":"https:\/\/flextravelsolutions.com\/fr\/#organization","name":"Flex Travel Solutions","url":"https:\/\/flextravelsolutions.com\/fr\/","logo":{"@type":"ImageObject","inLanguage":"fr-FR","@id":"https:\/\/flextravelsolutions.com\/fr\/#\/schema\/logo\/image\/","url":"https:\/\/flextravelsolutions.com\/wp-content\/uploads\/2020\/04\/fts_logo_full.svg","contentUrl":"https:\/\/flextravelsolutions.com\/wp-content\/uploads\/2020\/04\/fts_logo_full.svg","caption":"Flex Travel Solutions"},"image":{"@id":"https:\/\/flextravelsolutions.com\/fr\/#\/schema\/logo\/image\/"}}]}},"_links":{"self":[{"href":"https:\/\/flextravelsolutions.com\/fr\/wp-json\/wp\/v2\/pages\/12415","targetHints":{"allow":["GET"]}}],"collection":[{"href":"https:\/\/flextravelsolutions.com\/fr\/wp-json\/wp\/v2\/pages"}],"about":[{"href":"https:\/\/flextravelsolutions.com\/fr\/wp-json\/wp\/v2\/types\/page"}],"author":[{"embeddable":true,"href":"https:\/\/flextravelsolutions.com\/fr\/wp-json\/wp\/v2\/users\/1"}],"replies":[{"embeddable":true,"href":"https:\/\/flextravelsolutions.com\/fr\/wp-json\/wp\/v2\/comments?post=12415"}],"version-history":[{"count":0,"href":"https:\/\/flextravelsolutions.com\/fr\/wp-json\/wp\/v2\/pages\/12415\/revisions"}],"wp:attachment":[{"href":"https:\/\/flextravelsolutions.com\/fr\/wp-json\/wp\/v2\/media?parent=12415"}],"curies":[{"name":"wp","href":"https:\/\/api.w.org\/{rel}","templated":true}]}}