{"id":13451,"date":"2022-04-05T19:52:33","date_gmt":"2022-04-05T19:52:33","guid":{"rendered":"https:\/\/flextravelsolutions.com\/blog-2\/"},"modified":"2022-04-07T16:30:00","modified_gmt":"2022-04-07T16:30:00","slug":"blogue","status":"publish","type":"page","link":"https:\/\/flextravelsolutions.com\/fr\/blogue\/","title":{"rendered":"Blogue"},"content":{"rendered":"\t\t<div data-elementor-type=\"wp-page\" data-elementor-id=\"13451\" class=\"elementor elementor-13451 elementor-13428\">\n\t\t\t\t\t\t<div class=\"elementor-inner\">\n\t\t\t\t<div class=\"elementor-section-wrap\">\n\t\t\t\t\t\t\t\t\t<section class=\"elementor-section elementor-top-section elementor-element elementor-element-390c62ad elementor-section-stretched elementor-section-boxed elementor-section-height-default elementor-section-height-default\" data-id=\"390c62ad\" data-element_type=\"section\" data-settings=\"{&quot;background_background&quot;:&quot;classic&quot;,&quot;stretch_section&quot;:&quot;section-stretched&quot;}\">\n\t\t\t\t\t\t<div class=\"elementor-container elementor-column-gap-default\">\n\t\t\t\t\t\t\t<div class=\"elementor-row\">\n\t\t\t\t\t<div class=\"elementor-column elementor-col-100 elementor-top-column elementor-element elementor-element-3b618d9c\" data-id=\"3b618d9c\" data-element_type=\"column\">\n\t\t\t<div class=\"elementor-column-wrap elementor-element-populated\">\n\t\t\t\t\t\t\t<div class=\"elementor-widget-wrap\">\n\t\t\t\t\t\t<div class=\"elementor-element elementor-element-7788e494 elementor-widget elementor-widget-heading\" data-id=\"7788e494\" data-element_type=\"widget\" data-widget_type=\"heading.default\">\n\t\t\t\t<div class=\"elementor-widget-container\">\n\t\t\t<h1 class=\"elementor-heading-title elementor-size-default\">Blogue<\/h1>\t\t<\/div>\n\t\t\t\t<\/div>\n\t\t\t\t<div class=\"elementor-element elementor-element-5dbb2459 elementor-widget-divider--view-line elementor-widget elementor-widget-divider\" data-id=\"5dbb2459\" data-element_type=\"widget\" data-widget_type=\"divider.default\">\n\t\t\t\t<div class=\"elementor-widget-container\">\n\t\t\t\t\t<div class=\"elementor-divider\">\n\t\t\t<span class=\"elementor-divider-separator\">\n\t\t\t\t\t\t<\/span>\n\t\t<\/div>\n\t\t\t\t<\/div>\n\t\t\t\t<\/div>\n\t\t\t\t<div class=\"elementor-element elementor-element-51a4a261 elementor-widget elementor-widget-text-editor\" data-id=\"51a4a261\" data-element_type=\"widget\" data-widget_type=\"text-editor.default\">\n\t\t\t\t<div class=\"elementor-widget-container\">\n\t\t\t\t\t\t\t\t<div class=\"elementor-text-editor elementor-clearfix\">\n\t\t\t\tNotre mission est de proposer des solutions innovantes de paiement, de gestion des revenus et de gestion informatique pour les agences avec qui nous travaillons.\t\t\t\t\t<\/div>\n\t\t\t\t\t\t<\/div>\n\t\t\t\t<\/div>\n\t\t\t\t<div class=\"elementor-element elementor-element-174a545 elementor-grid-3 elementor-grid-tablet-2 elementor-grid-mobile-1 elementor-posts--thumbnail-top elementor-widget elementor-widget-posts\" data-id=\"174a545\" data-element_type=\"widget\" data-settings=\"{&quot;classic_columns&quot;:&quot;3&quot;,&quot;classic_columns_tablet&quot;:&quot;2&quot;,&quot;classic_columns_mobile&quot;:&quot;1&quot;,&quot;classic_row_gap&quot;:{&quot;unit&quot;:&quot;px&quot;,&quot;size&quot;:35,&quot;sizes&quot;:[]},&quot;classic_row_gap_tablet&quot;:{&quot;unit&quot;:&quot;px&quot;,&quot;size&quot;:&quot;&quot;,&quot;sizes&quot;:[]},&quot;classic_row_gap_mobile&quot;:{&quot;unit&quot;:&quot;px&quot;,&quot;size&quot;:&quot;&quot;,&quot;sizes&quot;:[]}}\" data-widget_type=\"posts.classic\">\n\t\t\t\t<div class=\"elementor-widget-container\">\n\t\t\t\t\t<div class=\"elementor-posts-container elementor-posts elementor-posts--skin-classic elementor-grid\">\n\t\t\t\t<article class=\"elementor-post elementor-grid-item post-13838 post type-post status-publish format-standard has-post-thumbnail hentry category-non-classifiee entry\">\n\t\t\t\t<a class=\"elementor-post__thumbnail__link\" href=\"https:\/\/flextravelsolutions.com\/fr\/5-points-a-retenir-pour-continuer-davancer\/\" >\n\t\t\t<div class=\"elementor-post__thumbnail\"><img decoding=\"async\" width=\"5334\" height=\"2992\" src=\"https:\/\/i0.wp.com\/flextravelsolutions.com\/wp-content\/uploads\/2023\/02\/fitur_experience_1200x720px.png?fit=5334%2C2992&amp;ssl=1\" class=\"attachment-full size-full wp-image-13835\" alt=\"\" srcset=\"https:\/\/i0.wp.com\/flextravelsolutions.com\/wp-content\/uploads\/2023\/02\/fitur_experience_1200x720px.png?w=5334&amp;ssl=1 5334w, https:\/\/i0.wp.com\/flextravelsolutions.com\/wp-content\/uploads\/2023\/02\/fitur_experience_1200x720px.png?resize=300%2C168&amp;ssl=1 300w, https:\/\/i0.wp.com\/flextravelsolutions.com\/wp-content\/uploads\/2023\/02\/fitur_experience_1200x720px.png?resize=1024%2C574&amp;ssl=1 1024w, https:\/\/i0.wp.com\/flextravelsolutions.com\/wp-content\/uploads\/2023\/02\/fitur_experience_1200x720px.png?resize=768%2C431&amp;ssl=1 768w, https:\/\/i0.wp.com\/flextravelsolutions.com\/wp-content\/uploads\/2023\/02\/fitur_experience_1200x720px.png?resize=1536%2C862&amp;ssl=1 1536w, https:\/\/i0.wp.com\/flextravelsolutions.com\/wp-content\/uploads\/2023\/02\/fitur_experience_1200x720px.png?resize=2048%2C1149&amp;ssl=1 2048w, https:\/\/i0.wp.com\/flextravelsolutions.com\/wp-content\/uploads\/2023\/02\/fitur_experience_1200x720px.png?resize=1568%2C880&amp;ssl=1 1568w, https:\/\/i0.wp.com\/flextravelsolutions.com\/wp-content\/uploads\/2023\/02\/fitur_experience_1200x720px.png?w=1280&amp;ssl=1 1280w, https:\/\/i0.wp.com\/flextravelsolutions.com\/wp-content\/uploads\/2023\/02\/fitur_experience_1200x720px.png?w=1920&amp;ssl=1 1920w\" sizes=\"(max-width: 640px) 100vw, 640px\" \/><\/div>\n\t\t<\/a>\n\t\t\t\t<div class=\"elementor-post__text\">\n\t\t\t\t<h3 class=\"elementor-post__title\">\n\t\t\t<a href=\"https:\/\/flextravelsolutions.com\/fr\/5-points-a-retenir-pour-continuer-davancer\/\" >\n\t\t\t\t<strong>5 points \u00e0 retenir pour continuer d\u2019avancer<\/strong>\t\t\t<\/a>\n\t\t<\/h3>\n\t\t\t\t<div class=\"elementor-post__meta-data\">\n\t\t\t\t\t<span class=\"elementor-post-author\">\n\t\t\tIbrahim Bsaiso\t\t<\/span>\n\t\t\t\t<span class=\"elementor-post-date\">\n\t\t\tf\u00e9vrier 1, 2023\t\t<\/span>\n\t\t\t\t<\/div>\n\t\t\t\t<div class=\"elementor-post__excerpt\">\n\t\t\t<p>Je rentre tout juste de la Foire internationale du tourisme (Fitur), avec cinq points importants \u00e0 retenir, qui me seront utiles pour avancer dans ce secteur ainsi que dans ma<\/p>\n\t\t<\/div>\n\t\t\n\t\t<a class=\"elementor-post__read-more\" href=\"https:\/\/flextravelsolutions.com\/fr\/5-points-a-retenir-pour-continuer-davancer\/\" aria-label=\"En savoir plus sur &lt;strong&gt;5 points \u00e0 retenir pour continuer d\u2019avancer&lt;\/strong&gt;\" >\n\t\t\tLire la suite\t\t<\/a>\n\n\t\t\t\t<\/div>\n\t\t\t\t<\/article>\n\t\t\t\t<article class=\"elementor-post elementor-grid-item post-13562 post type-post status-publish format-standard has-post-thumbnail hentry category-non-classifiee entry\">\n\t\t\t\t<a class=\"elementor-post__thumbnail__link\" href=\"https:\/\/flextravelsolutions.com\/fr\/sylvie-hachey-sur-les-femmes-en-technologies\/\" >\n\t\t\t<div class=\"elementor-post__thumbnail\"><img decoding=\"async\" width=\"768\" height=\"471\" src=\"https:\/\/i0.wp.com\/flextravelsolutions.com\/wp-content\/uploads\/2022\/05\/image.png?fit=768%2C471&amp;ssl=1\" class=\"attachment-full size-full wp-image-13566\" alt=\"\" srcset=\"https:\/\/i0.wp.com\/flextravelsolutions.com\/wp-content\/uploads\/2022\/05\/image.png?w=768&amp;ssl=1 768w, https:\/\/i0.wp.com\/flextravelsolutions.com\/wp-content\/uploads\/2022\/05\/image.png?resize=300%2C184&amp;ssl=1 300w\" sizes=\"(max-width: 640px) 100vw, 640px\" \/><\/div>\n\t\t<\/a>\n\t\t\t\t<div class=\"elementor-post__text\">\n\t\t\t\t<h3 class=\"elementor-post__title\">\n\t\t\t<a href=\"https:\/\/flextravelsolutions.com\/fr\/sylvie-hachey-sur-les-femmes-en-technologies\/\" >\n\t\t\t\tSylvie Hachey sur les femmes en technologies\t\t\t<\/a>\n\t\t<\/h3>\n\t\t\t\t<div class=\"elementor-post__meta-data\">\n\t\t\t\t\t<span class=\"elementor-post-author\">\n\t\t\tSama Al-Obaidy\t\t<\/span>\n\t\t\t\t<span class=\"elementor-post-date\">\n\t\t\tmai 31, 2022\t\t<\/span>\n\t\t\t\t<\/div>\n\t\t\t\t<div class=\"elementor-post__excerpt\">\n\t\t\t<p>Dans la mesure o\u00f9 les femmes ont toujours jou\u00e9 un r\u00f4le de premier plan dans l\u2019univers des technologies, Solutions Flex Travel est convaincue que recrutement doit rimer avec diversit\u00e9. \u00c0<\/p>\n\t\t<\/div>\n\t\t\n\t\t<a class=\"elementor-post__read-more\" href=\"https:\/\/flextravelsolutions.com\/fr\/sylvie-hachey-sur-les-femmes-en-technologies\/\" aria-label=\"En savoir plus sur Sylvie Hachey sur les femmes en technologies\" >\n\t\t\tLire la suite\t\t<\/a>\n\n\t\t\t\t<\/div>\n\t\t\t\t<\/article>\n\t\t\t\t<article class=\"elementor-post elementor-grid-item post-13505 post type-post status-publish format-standard has-post-thumbnail hentry category-non-classifiee entry\">\n\t\t\t\t<a class=\"elementor-post__thumbnail__link\" href=\"https:\/\/flextravelsolutions.com\/fr\/canaux-b2b-comment-optimiser-lefficacite-de-la-force-de-vente\/\" >\n\t\t\t<div class=\"elementor-post__thumbnail\"><img decoding=\"async\" width=\"2600\" height=\"1736\" src=\"https:\/\/i0.wp.com\/flextravelsolutions.com\/wp-content\/uploads\/2022\/04\/Blog-01-B2B.png?fit=2600%2C1736&amp;ssl=1\" class=\"attachment-full size-full wp-image-13411\" alt=\"\" srcset=\"https:\/\/i0.wp.com\/flextravelsolutions.com\/wp-content\/uploads\/2022\/04\/Blog-01-B2B.png?w=2600&amp;ssl=1 2600w, https:\/\/i0.wp.com\/flextravelsolutions.com\/wp-content\/uploads\/2022\/04\/Blog-01-B2B.png?resize=300%2C200&amp;ssl=1 300w, https:\/\/i0.wp.com\/flextravelsolutions.com\/wp-content\/uploads\/2022\/04\/Blog-01-B2B.png?resize=1024%2C684&amp;ssl=1 1024w, https:\/\/i0.wp.com\/flextravelsolutions.com\/wp-content\/uploads\/2022\/04\/Blog-01-B2B.png?resize=768%2C513&amp;ssl=1 768w, https:\/\/i0.wp.com\/flextravelsolutions.com\/wp-content\/uploads\/2022\/04\/Blog-01-B2B.png?resize=1536%2C1026&amp;ssl=1 1536w, https:\/\/i0.wp.com\/flextravelsolutions.com\/wp-content\/uploads\/2022\/04\/Blog-01-B2B.png?resize=2048%2C1367&amp;ssl=1 2048w, https:\/\/i0.wp.com\/flextravelsolutions.com\/wp-content\/uploads\/2022\/04\/Blog-01-B2B.png?resize=1568%2C1047&amp;ssl=1 1568w, https:\/\/i0.wp.com\/flextravelsolutions.com\/wp-content\/uploads\/2022\/04\/Blog-01-B2B.png?w=1280&amp;ssl=1 1280w, https:\/\/i0.wp.com\/flextravelsolutions.com\/wp-content\/uploads\/2022\/04\/Blog-01-B2B.png?w=1920&amp;ssl=1 1920w\" sizes=\"(max-width: 640px) 100vw, 640px\" \/><\/div>\n\t\t<\/a>\n\t\t\t\t<div class=\"elementor-post__text\">\n\t\t\t\t<h3 class=\"elementor-post__title\">\n\t\t\t<a href=\"https:\/\/flextravelsolutions.com\/fr\/canaux-b2b-comment-optimiser-lefficacite-de-la-force-de-vente\/\" >\n\t\t\t\tCanaux B2B : Comment optimiser l\u2019efficacit\u00e9 de la force de vente\t\t\t<\/a>\n\t\t<\/h3>\n\t\t\t\t<div class=\"elementor-post__meta-data\">\n\t\t\t\t\t<span class=\"elementor-post-author\">\n\t\t\tSama Al-Obaidy\t\t<\/span>\n\t\t\t\t<span class=\"elementor-post-date\">\n\t\t\tavril 6, 2022\t\t<\/span>\n\t\t\t\t<\/div>\n\t\t\t\t<div class=\"elementor-post__excerpt\">\n\t\t\t<p>Alors que l\u2019industrie du voyage retrouve son chemin d\u2019\u201dapr\u00e8s-pand\u00e9mie\u201d, celle-ci a rapidement pris conscience du pouvoir des agences de voyage et des canaux B2B. Avec de nouvelles complexit\u00e9s telles que<\/p>\n\t\t<\/div>\n\t\t\n\t\t<a class=\"elementor-post__read-more\" href=\"https:\/\/flextravelsolutions.com\/fr\/canaux-b2b-comment-optimiser-lefficacite-de-la-force-de-vente\/\" aria-label=\"En savoir plus sur Canaux B2B : Comment optimiser l\u2019efficacit\u00e9 de la force de vente\" >\n\t\t\tLire la suite\t\t<\/a>\n\n\t\t\t\t<\/div>\n\t\t\t\t<\/article>\n\t\t\t\t<article class=\"elementor-post elementor-grid-item post-13499 post type-post status-publish format-standard has-post-thumbnail hentry category-non-classifiee entry\">\n\t\t\t\t<a class=\"elementor-post__thumbnail__link\" href=\"https:\/\/flextravelsolutions.com\/fr\/reconnaitre-les-nouvelles-realites-du-secteur-du-voyage-et-avancer\/\" >\n\t\t\t<div class=\"elementor-post__thumbnail\"><img decoding=\"async\" width=\"3000\" height=\"1750\" src=\"https:\/\/i0.wp.com\/flextravelsolutions.com\/wp-content\/uploads\/2022\/04\/Blog-02-Travel-New-Reality.png?fit=3000%2C1750&amp;ssl=1\" class=\"attachment-full size-full wp-image-13399\" alt=\"\" srcset=\"https:\/\/i0.wp.com\/flextravelsolutions.com\/wp-content\/uploads\/2022\/04\/Blog-02-Travel-New-Reality.png?w=3000&amp;ssl=1 3000w, https:\/\/i0.wp.com\/flextravelsolutions.com\/wp-content\/uploads\/2022\/04\/Blog-02-Travel-New-Reality.png?resize=300%2C175&amp;ssl=1 300w, https:\/\/i0.wp.com\/flextravelsolutions.com\/wp-content\/uploads\/2022\/04\/Blog-02-Travel-New-Reality.png?resize=1024%2C597&amp;ssl=1 1024w, https:\/\/i0.wp.com\/flextravelsolutions.com\/wp-content\/uploads\/2022\/04\/Blog-02-Travel-New-Reality.png?resize=768%2C448&amp;ssl=1 768w, https:\/\/i0.wp.com\/flextravelsolutions.com\/wp-content\/uploads\/2022\/04\/Blog-02-Travel-New-Reality.png?resize=1536%2C896&amp;ssl=1 1536w, https:\/\/i0.wp.com\/flextravelsolutions.com\/wp-content\/uploads\/2022\/04\/Blog-02-Travel-New-Reality.png?resize=2048%2C1195&amp;ssl=1 2048w, https:\/\/i0.wp.com\/flextravelsolutions.com\/wp-content\/uploads\/2022\/04\/Blog-02-Travel-New-Reality.png?resize=1568%2C915&amp;ssl=1 1568w, https:\/\/i0.wp.com\/flextravelsolutions.com\/wp-content\/uploads\/2022\/04\/Blog-02-Travel-New-Reality.png?w=1280&amp;ssl=1 1280w, https:\/\/i0.wp.com\/flextravelsolutions.com\/wp-content\/uploads\/2022\/04\/Blog-02-Travel-New-Reality.png?w=1920&amp;ssl=1 1920w\" sizes=\"(max-width: 640px) 100vw, 640px\" \/><\/div>\n\t\t<\/a>\n\t\t\t\t<div class=\"elementor-post__text\">\n\t\t\t\t<h3 class=\"elementor-post__title\">\n\t\t\t<a href=\"https:\/\/flextravelsolutions.com\/fr\/reconnaitre-les-nouvelles-realites-du-secteur-du-voyage-et-avancer\/\" >\n\t\t\t\tReconna\u00eetre les nouvelles r\u00e9alit\u00e9s du secteur du voyage et avancer\t\t\t<\/a>\n\t\t<\/h3>\n\t\t\t\t<div class=\"elementor-post__meta-data\">\n\t\t\t\t\t<span class=\"elementor-post-author\">\n\t\t\tAbdallah Al Absi\t\t<\/span>\n\t\t\t\t<span class=\"elementor-post-date\">\n\t\t\tavril 6, 2022\t\t<\/span>\n\t\t\t\t<\/div>\n\t\t\t\t<div class=\"elementor-post__excerpt\">\n\t\t\t<p>Le moment est ici pour nous, les fournisseurs de voyages, de changer notre fa\u00e7on de penser. Nous devons cesser de rejeter les donn\u00e9es de l\u2019industrie du voyage de l\u2019ann\u00e9e pr\u00e9c\u00e9dente<\/p>\n\t\t<\/div>\n\t\t\n\t\t<a class=\"elementor-post__read-more\" href=\"https:\/\/flextravelsolutions.com\/fr\/reconnaitre-les-nouvelles-realites-du-secteur-du-voyage-et-avancer\/\" aria-label=\"En savoir plus sur Reconna\u00eetre les nouvelles r\u00e9alit\u00e9s du secteur du voyage et avancer\" >\n\t\t\tLire la suite\t\t<\/a>\n\n\t\t\t\t<\/div>\n\t\t\t\t<\/article>\n\t\t\t\t<\/div>\n\t\t\n\t\t\t\t<\/div>\n\t\t\t\t<\/div>\n\t\t\t\t\t\t<\/div>\n\t\t\t\t\t<\/div>\n\t\t<\/div>\n\t\t\t\t\t\t\t\t<\/div>\n\t\t\t\t\t<\/div>\n\t\t<\/section>\n\t\t\t\t\t\t\t\t\t<\/div>\n\t\t\t<\/div>\n\t\t\t\t\t<\/div>\n\t\t","protected":false},"excerpt":{"rendered":"<p>Blogue Notre mission est de proposer des solutions innovantes de paiement, de gestion des revenus et de gestion informatique pour les agences avec qui nous travaillons.<\/p>\n","protected":false},"author":2,"featured_media":0,"parent":0,"menu_order":0,"comment_status":"closed","ping_status":"closed","template":"elementor_header_footer","meta":{"content-type":"","inline_featured_image":false,"_mi_skip_tracking":false,"footnotes":""},"class_list":["post-13451","page","type-page","status-publish","hentry","entry"],"yoast_head":"<!-- This site is optimized with the Yoast SEO plugin v20.5 - https:\/\/yoast.com\/wordpress\/plugins\/seo\/ -->\n<title>Blogue - Flex Travel Solutions<\/title>\n<meta name=\"robots\" content=\"index, follow, max-snippet:-1, max-image-preview:large, max-video-preview:-1\" \/>\n<link rel=\"canonical\" href=\"https:\/\/flextravelsolutions.com\/fr\/blogue\/\" \/>\n<meta property=\"og:locale\" content=\"fr_FR\" \/>\n<meta property=\"og:type\" content=\"article\" \/>\n<meta property=\"og:title\" content=\"Blogue - Flex Travel Solutions\" \/>\n<meta property=\"og:description\" content=\"Blogue Notre mission est de proposer des solutions innovantes de paiement, de gestion des revenus et de gestion informatique pour les agences avec qui nous travaillons.\" \/>\n<meta property=\"og:url\" content=\"https:\/\/flextravelsolutions.com\/fr\/blogue\/\" \/>\n<meta property=\"og:site_name\" content=\"Flex Travel Solutions\" \/>\n<meta property=\"article:modified_time\" content=\"2022-04-07T16:30:00+00:00\" \/>\n<meta name=\"twitter:card\" content=\"summary_large_image\" \/>\n<meta name=\"twitter:label1\" content=\"Dur\u00e9e de lecture estim\u00e9e\" \/>\n\t<meta name=\"twitter:data1\" content=\"2 minutes\" \/>\n<script type=\"application\/ld+json\" class=\"yoast-schema-graph\">{\"@context\":\"https:\/\/schema.org\",\"@graph\":[{\"@type\":\"WebPage\",\"@id\":\"https:\/\/flextravelsolutions.com\/fr\/blogue\/\",\"url\":\"https:\/\/flextravelsolutions.com\/fr\/blogue\/\",\"name\":\"Blogue - Flex Travel Solutions\",\"isPartOf\":{\"@id\":\"https:\/\/flextravelsolutions.com\/fr\/#website\"},\"datePublished\":\"2022-04-05T19:52:33+00:00\",\"dateModified\":\"2022-04-07T16:30:00+00:00\",\"breadcrumb\":{\"@id\":\"https:\/\/flextravelsolutions.com\/fr\/blogue\/#breadcrumb\"},\"inLanguage\":\"fr-FR\",\"potentialAction\":[{\"@type\":\"ReadAction\",\"target\":[\"https:\/\/flextravelsolutions.com\/fr\/blogue\/\"]}]},{\"@type\":\"BreadcrumbList\",\"@id\":\"https:\/\/flextravelsolutions.com\/fr\/blogue\/#breadcrumb\",\"itemListElement\":[{\"@type\":\"ListItem\",\"position\":1,\"name\":\"Home\",\"item\":\"https:\/\/flextravelsolutions.com\/\"},{\"@type\":\"ListItem\",\"position\":2,\"name\":\"Blogue\"}]},{\"@type\":\"WebSite\",\"@id\":\"https:\/\/flextravelsolutions.com\/fr\/#website\",\"url\":\"https:\/\/flextravelsolutions.com\/fr\/\",\"name\":\"Flex Travel Solutions\",\"description\":\"\",\"publisher\":{\"@id\":\"https:\/\/flextravelsolutions.com\/fr\/#organization\"},\"potentialAction\":[{\"@type\":\"SearchAction\",\"target\":{\"@type\":\"EntryPoint\",\"urlTemplate\":\"https:\/\/flextravelsolutions.com\/fr\/?s={search_term_string}\"},\"query-input\":\"required name=search_term_string\"}],\"inLanguage\":\"fr-FR\"},{\"@type\":\"Organization\",\"@id\":\"https:\/\/flextravelsolutions.com\/fr\/#organization\",\"name\":\"Flex Travel Solutions\",\"url\":\"https:\/\/flextravelsolutions.com\/fr\/\",\"logo\":{\"@type\":\"ImageObject\",\"inLanguage\":\"fr-FR\",\"@id\":\"https:\/\/flextravelsolutions.com\/fr\/#\/schema\/logo\/image\/\",\"url\":\"https:\/\/flextravelsolutions.com\/wp-content\/uploads\/2020\/04\/fts_logo_full.svg\",\"contentUrl\":\"https:\/\/flextravelsolutions.com\/wp-content\/uploads\/2020\/04\/fts_logo_full.svg\",\"caption\":\"Flex Travel Solutions\"},\"image\":{\"@id\":\"https:\/\/flextravelsolutions.com\/fr\/#\/schema\/logo\/image\/\"}}]}<\/script>\n<!-- \/ Yoast SEO plugin. -->","yoast_head_json":{"title":"Blogue - Flex Travel Solutions","robots":{"index":"index","follow":"follow","max-snippet":"max-snippet:-1","max-image-preview":"max-image-preview:large","max-video-preview":"max-video-preview:-1"},"canonical":"https:\/\/flextravelsolutions.com\/fr\/blogue\/","og_locale":"fr_FR","og_type":"article","og_title":"Blogue - Flex Travel Solutions","og_description":"Blogue Notre mission est de proposer des solutions innovantes de paiement, de gestion des revenus et de gestion informatique pour les agences avec qui nous travaillons.","og_url":"https:\/\/flextravelsolutions.com\/fr\/blogue\/","og_site_name":"Flex Travel Solutions","article_modified_time":"2022-04-07T16:30:00+00:00","twitter_card":"summary_large_image","twitter_misc":{"Dur\u00e9e de lecture estim\u00e9e":"2 minutes"},"schema":{"@context":"https:\/\/schema.org","@graph":[{"@type":"WebPage","@id":"https:\/\/flextravelsolutions.com\/fr\/blogue\/","url":"https:\/\/flextravelsolutions.com\/fr\/blogue\/","name":"Blogue - Flex Travel Solutions","isPartOf":{"@id":"https:\/\/flextravelsolutions.com\/fr\/#website"},"datePublished":"2022-04-05T19:52:33+00:00","dateModified":"2022-04-07T16:30:00+00:00","breadcrumb":{"@id":"https:\/\/flextravelsolutions.com\/fr\/blogue\/#breadcrumb"},"inLanguage":"fr-FR","potentialAction":[{"@type":"ReadAction","target":["https:\/\/flextravelsolutions.com\/fr\/blogue\/"]}]},{"@type":"BreadcrumbList","@id":"https:\/\/flextravelsolutions.com\/fr\/blogue\/#breadcrumb","itemListElement":[{"@type":"ListItem","position":1,"name":"Home","item":"https:\/\/flextravelsolutions.com\/"},{"@type":"ListItem","position":2,"name":"Blogue"}]},{"@type":"WebSite","@id":"https:\/\/flextravelsolutions.com\/fr\/#website","url":"https:\/\/flextravelsolutions.com\/fr\/","name":"Flex Travel Solutions","description":"","publisher":{"@id":"https:\/\/flextravelsolutions.com\/fr\/#organization"},"potentialAction":[{"@type":"SearchAction","target":{"@type":"EntryPoint","urlTemplate":"https:\/\/flextravelsolutions.com\/fr\/?s={search_term_string}"},"query-input":"required name=search_term_string"}],"inLanguage":"fr-FR"},{"@type":"Organization","@id":"https:\/\/flextravelsolutions.com\/fr\/#organization","name":"Flex Travel Solutions","url":"https:\/\/flextravelsolutions.com\/fr\/","logo":{"@type":"ImageObject","inLanguage":"fr-FR","@id":"https:\/\/flextravelsolutions.com\/fr\/#\/schema\/logo\/image\/","url":"https:\/\/flextravelsolutions.com\/wp-content\/uploads\/2020\/04\/fts_logo_full.svg","contentUrl":"https:\/\/flextravelsolutions.com\/wp-content\/uploads\/2020\/04\/fts_logo_full.svg","caption":"Flex Travel Solutions"},"image":{"@id":"https:\/\/flextravelsolutions.com\/fr\/#\/schema\/logo\/image\/"}}]}},"_links":{"self":[{"href":"https:\/\/flextravelsolutions.com\/fr\/wp-json\/wp\/v2\/pages\/13451","targetHints":{"allow":["GET"]}}],"collection":[{"href":"https:\/\/flextravelsolutions.com\/fr\/wp-json\/wp\/v2\/pages"}],"about":[{"href":"https:\/\/flextravelsolutions.com\/fr\/wp-json\/wp\/v2\/types\/page"}],"author":[{"embeddable":true,"href":"https:\/\/flextravelsolutions.com\/fr\/wp-json\/wp\/v2\/users\/2"}],"replies":[{"embeddable":true,"href":"https:\/\/flextravelsolutions.com\/fr\/wp-json\/wp\/v2\/comments?post=13451"}],"version-history":[{"count":0,"href":"https:\/\/flextravelsolutions.com\/fr\/wp-json\/wp\/v2\/pages\/13451\/revisions"}],"wp:attachment":[{"href":"https:\/\/flextravelsolutions.com\/fr\/wp-json\/wp\/v2\/media?parent=13451"}],"curies":[{"name":"wp","href":"https:\/\/api.w.org\/{rel}","templated":true}]}}